{"id":1965,"date":"2024-01-05T01:53:00","date_gmt":"2024-01-05T00:53:00","guid":{"rendered":"https:\/\/arkanta.co\/co\/?post_type=product&#038;p=1965"},"modified":"2024-01-05T01:53:48","modified_gmt":"2024-01-05T00:53:48","slug":"vinilo-astronauta-fotoluminiscente","status":"publish","type":"product","link":"https:\/\/arkanta.co\/co\/tienda-online\/vinilo-astronauta-fotoluminiscente\/","title":{"rendered":"Vinilo Astronauta Fotoluminiscente"},"content":{"rendered":"<p><strong>Incluye:<\/strong> 1 set KIDS ASTRONAUT (Ref: V0313) + Gu\u00eda de instalaci\u00f3n. <\/p>\n<p><strong>Colores de la referencia: <\/strong>Plata, fotoluminiscente.<\/p>\n<p>&nbsp;<\/p>\n<p>Vinilo adhesivo de acabado mate. Puedes <em>personalizar<\/em> <em>el tama\u00f1o como prefieras.<\/em>.<\/p>\n<p> De <a href=\"https:\/\/b.link\/CIUV\" target=\"_blank\" rel=\"noopener\">f&aacute;cil instalaci&oacute;n<\/a>, es posible colocarlo en cualquier tipo de superficie lisa, excepto sobre pinturas aceitosas. Mantiene sus caracter\u00edsticas, incluso en paredes soleadas. Puedes desinstalarlo de forma f\u00e1cil.<\/p>\n<p>Env\u00edo (terrestre) gratis a nivel nacional para todos los productos de la tienda. Realiza tus pagos de forma segura a trav\u00e9s de Mercado pago.<\/p>\n<p> Nuestros vinilos son fabricados en Colombia y est\u00e1n garantizados por defectos de fabricaci\u00f3n o piezas faltantes durante 1 a\u00f1o. Ofrecemos 15 d\u00edas de retractaci\u00f3n, por lo que puedes devolver el producto si no te ha convencido (aplican condiciones).<\/p>\n","protected":false},"excerpt":{"rendered":"<p>Vinilo adhesivo Kids Astronaut. Exclusivo dise\u00f1o de vinilo infantil de un astronauta sentado en la luna y rodeado por estrellas. La luna y las estrellas est\u00e1n elaboradas en un novedoso material fotoluminiscente (brilla en la obscuridad) perfecto para que les sea m\u00e1s f\u00e1cil a los ni\u00f1os dormir solos en su habitaci\u00f3n. Este dise\u00f1o es ideal para incentivar la imaginaci\u00f3n, independencia y creatividad de tus hijos, va muy bien la decoraci\u00f3n de habitaciones infantiles.<\/p>\n<p>Este novedoso dise\u00f1o espacial es perfecto para la decoraci\u00f3n de salas de espera de consultorios pedi\u00e1tricos, decoraci\u00f3n de colegios, guarder\u00edas, jardines infantiles, librer\u00edas, bibliotecas, tiendas de ropa y accesorios infantiles.<\/p>\n","protected":false},"featured_media":1987,"comment_status":"open","ping_status":"closed","template":"","meta":{"_acf_changed":false,"_et_pb_use_builder":"","_et_pb_old_content":"","_et_gb_content_width":"","content-type":""},"product_brand":[],"product_cat":[17,18,37],"product_tag":[23,28,29,30,31],"class_list":{"0":"post-1965","1":"product","2":"type-product","3":"status-publish","4":"has-post-thumbnail","6":"product_cat-decoracion-de-paredes","7":"product_cat-vinilos-decorativos-de-pared","8":"product_cat-vinilos-decorativos-infantiles","9":"product_tag-decoracion-de-habitaciones-juveniles","10":"product_tag-decoracion-infantil","11":"product_tag-decoracion-para-cuarto-de-bebe","12":"product_tag-decoracion-para-ninas","13":"product_tag-decoracion-para-ninos-varones","15":"first","16":"instock","17":"taxable","18":"shipping-taxable","19":"purchasable","20":"product-type-variable"},"acf":[],"_links":{"self":[{"href":"https:\/\/arkanta.co\/co\/wp-json\/wp\/v2\/product\/1965","targetHints":{"allow":["GET"]}}],"collection":[{"href":"https:\/\/arkanta.co\/co\/wp-json\/wp\/v2\/product"}],"about":[{"href":"https:\/\/arkanta.co\/co\/wp-json\/wp\/v2\/types\/product"}],"replies":[{"embeddable":true,"href":"https:\/\/arkanta.co\/co\/wp-json\/wp\/v2\/comments?post=1965"}],"wp:featuredmedia":[{"embeddable":true,"href":"https:\/\/arkanta.co\/co\/wp-json\/wp\/v2\/media\/1987"}],"wp:attachment":[{"href":"https:\/\/arkanta.co\/co\/wp-json\/wp\/v2\/media?parent=1965"}],"wp:term":[{"taxonomy":"product_brand","embeddable":true,"href":"https:\/\/arkanta.co\/co\/wp-json\/wp\/v2\/product_brand?post=1965"},{"taxonomy":"product_cat","embeddable":true,"href":"https:\/\/arkanta.co\/co\/wp-json\/wp\/v2\/product_cat?post=1965"},{"taxonomy":"product_tag","embeddable":true,"href":"https:\/\/arkanta.co\/co\/wp-json\/wp\/v2\/product_tag?post=1965"}],"curies":[{"name":"wp","href":"https:\/\/api.w.org\/{rel}","templated":true}]}}