{"id":1928,"date":"2024-01-05T01:52:33","date_gmt":"2024-01-05T00:52:33","guid":{"rendered":"https:\/\/arkanta.co\/co\/?post_type=product&#038;p=1928"},"modified":"2024-05-05T02:20:23","modified_gmt":"2024-05-05T00:20:23","slug":"vinilo-decorativo-de-arbol-con-aves","status":"publish","type":"product","link":"https:\/\/arkanta.co\/co\/tienda-online\/vinilo-decorativo-de-arbol-con-aves\/","title":{"rendered":"Vinilo Decorativo de Arbol con Aves"},"content":{"rendered":"<p><strong>Incluye:<\/strong> 1 set TREE (Ref: V0310) + Gu\u00eda de instalaci\u00f3n.<\/p>\n<p><strong>Colores de la referencia: <\/strong>Plata, turquesa.<\/p>\n<p>&nbsp;<\/p>\n<p>Vinilo adhesivo de acabado mate, disponible en 29 colores. Puedes <em>personalizar<\/em> <em>el tama\u00f1o como prefieras.<\/em>.<\/p>\n<p>De <a href=\"https:\/\/b.link\/CIUV\" target=\"_blank\" rel=\"noopener\">f\u00e1cil instalaci\u00f3n<\/a>, es posible colocarlo en cualquier tipo de superficie lisa, excepto sobre pinturas aceitosas. Mantiene sus caracter\u00edsticas, incluso en paredes soleadas. Puedes desinstalarlo de forma f\u00e1cil.<\/p>\n<p>Env\u00edo (terrestre) gratis a nivel nacional para todos los productos de la tienda. Realiza tus pagos de forma segura a trav\u00e9s de Mercado pago.<\/p>\n<p>Nuestros vinilos son fabricados en Colombia y est\u00e1n garantizados por defectos de fabricaci\u00f3n o piezas faltantes durante 1 a\u00f1o. Ofrecemos 15 d\u00edas de retractaci\u00f3n, por lo que puedes devolver el producto si no te ha convencido (aplican condiciones).<\/p>\n","protected":false},"excerpt":{"rendered":"<p>Vinilo adhesivo Tree. Este maravilloso dise\u00f1o de vinilo decorativo de un frondoso \u00e1rbol rodeado de muchas aves es ideal para darle un toque de frescura y delicadeza al espacio. Esta pegatina infantil es perfecta para darle ese toque \u00fanico a la decoraci\u00f3n de la habitaci\u00f3n del beb\u00e9 y de habitaciones infantiles.<\/p>\n<p>Este vinilo decorativo infantil va perfecto en la sala de espera de consultorios pedi\u00e1tricos, decoraci\u00f3n de colegios, guarder\u00edas, jardines infantiles, librer\u00edas, caf\u00e9s y restaurantes, bibliotecas, tiendas de ropa y accesorios infantiles.<\/p>\n","protected":false},"featured_media":1961,"comment_status":"open","ping_status":"closed","template":"","meta":{"_acf_changed":false,"_et_pb_use_builder":"","_et_pb_old_content":"","_et_gb_content_width":"","content-type":""},"product_brand":[],"product_cat":[17,18,37,36],"product_tag":[20,22,24,28,29,30,31],"class_list":{"0":"post-1928","1":"product","2":"type-product","3":"status-publish","4":"has-post-thumbnail","6":"product_cat-decoracion-de-paredes","7":"product_cat-vinilos-decorativos-de-pared","8":"product_cat-vinilos-decorativos-infantiles","9":"product_cat-vinilos-florales","10":"product_tag-decoracion-de-comedores","11":"product_tag-decoracion-de-estudios-y-oficinas","12":"product_tag-decoracion-de-salas","13":"product_tag-decoracion-infantil","14":"product_tag-decoracion-para-cuarto-de-bebe","15":"product_tag-decoracion-para-ninas","16":"product_tag-decoracion-para-ninos-varones","18":"first","19":"instock","20":"taxable","21":"shipping-taxable","22":"purchasable","23":"product-type-variable"},"acf":[],"_links":{"self":[{"href":"https:\/\/arkanta.co\/co\/wp-json\/wp\/v2\/product\/1928","targetHints":{"allow":["GET"]}}],"collection":[{"href":"https:\/\/arkanta.co\/co\/wp-json\/wp\/v2\/product"}],"about":[{"href":"https:\/\/arkanta.co\/co\/wp-json\/wp\/v2\/types\/product"}],"replies":[{"embeddable":true,"href":"https:\/\/arkanta.co\/co\/wp-json\/wp\/v2\/comments?post=1928"}],"wp:featuredmedia":[{"embeddable":true,"href":"https:\/\/arkanta.co\/co\/wp-json\/wp\/v2\/media\/1961"}],"wp:attachment":[{"href":"https:\/\/arkanta.co\/co\/wp-json\/wp\/v2\/media?parent=1928"}],"wp:term":[{"taxonomy":"product_brand","embeddable":true,"href":"https:\/\/arkanta.co\/co\/wp-json\/wp\/v2\/product_brand?post=1928"},{"taxonomy":"product_cat","embeddable":true,"href":"https:\/\/arkanta.co\/co\/wp-json\/wp\/v2\/product_cat?post=1928"},{"taxonomy":"product_tag","embeddable":true,"href":"https:\/\/arkanta.co\/co\/wp-json\/wp\/v2\/product_tag?post=1928"}],"curies":[{"name":"wp","href":"https:\/\/api.w.org\/{rel}","templated":true}]}}