{"id":1896,"date":"2024-01-05T01:52:06","date_gmt":"2024-01-05T00:52:06","guid":{"rendered":"https:\/\/arkanta.co\/co\/?post_type=product&#038;p=1896"},"modified":"2024-05-05T02:20:16","modified_gmt":"2024-05-05T00:20:16","slug":"vinilo-marinero-infantil","status":"publish","type":"product","link":"https:\/\/arkanta.co\/co\/tienda-online\/vinilo-marinero-infantil\/","title":{"rendered":"Vinilo Marinero Infantil"},"content":{"rendered":"<p><strong>Incluye:<\/strong> 1 set MARINO (Ref: V0299) + Gu\u00eda de instalaci\u00f3n.<\/p>\n<p><strong>Medidas: <\/strong>200 x 200 cm (ancho x alto)<\/p>\n<p><strong>Colores de la referencia: <\/strong>Rojo, azul oscuro.<\/p>\n<p>&nbsp;<\/p>\n<p>Vinilo adhesivo de acabado mate, disponible en 29 colores. Puedes <em>personalizar<\/em> <em>el tama\u00f1o como prefieras.<\/em>.<\/p>\n<p>De <a href=\"https:\/\/b.link\/CIUV\" target=\"_blank\" rel=\"noopener\">f\u00e1cil instalaci\u00f3n<\/a>, es posible colocarlo en cualquier tipo de superficie lisa, excepto sobre pinturas aceitosas. Mantiene sus caracter\u00edsticas, incluso en paredes soleadas. Puedes desinstalarlo de forma f\u00e1cil.<\/p>\n<p>Env\u00edo (terrestre) gratis a nivel nacional para todos los productos de la tienda. Realiza tus pagos de forma segura a trav\u00e9s de Mercado pago.<\/p>\n<p>Nuestros vinilos son fabricados en Colombia y est\u00e1n garantizados por defectos de fabricaci\u00f3n o piezas faltantes durante 1 a\u00f1o. Ofrecemos 15 d\u00edas de retractaci\u00f3n, por lo que puedes devolver el producto si no te ha convencido (aplican condiciones).<\/p>\n","protected":false},"excerpt":{"rendered":"<p>Vinilo adhesivo Marino. Este delicado vinilo infantil tipo patr\u00f3n incorpora faros, barcos, timones y anclas. Esta pegatina infantil es ideal para complementar la decoraci\u00f3n de un espacio inspirado en el estilo mar\u00edtimo. Se adapta perfectamente a la decoraci\u00f3n de la habitaci\u00f3n del beb\u00e9 o la habitaci\u00f3n de los ni\u00f1os.<\/p>\n<p>Decora tambi\u00e9n con este vinilo: jardines infantiles, guarder\u00edas, zonas infantiles, restaurantes tem\u00e1ticos, jugueter\u00edas, tiendas de art\u00edculos y muebles para el beb\u00e9, librer\u00edas y tiendas de ropa infantil.<\/p>\n","protected":false},"featured_media":1920,"comment_status":"open","ping_status":"closed","template":"","meta":{"_acf_changed":false,"_et_pb_use_builder":"","_et_pb_old_content":"","_et_gb_content_width":"","content-type":""},"product_brand":[],"product_cat":[17,27,18,37,53],"product_tag":[28,29,30,31],"class_list":{"0":"post-1896","1":"product","2":"type-product","3":"status-publish","4":"has-post-thumbnail","6":"product_cat-decoracion-de-paredes","7":"product_cat-vinilos-de-patrones","8":"product_cat-vinilos-decorativos-de-pared","9":"product_cat-vinilos-decorativos-infantiles","10":"product_cat-vinilos-para-jardines-infantiles","11":"product_tag-decoracion-infantil","12":"product_tag-decoracion-para-cuarto-de-bebe","13":"product_tag-decoracion-para-ninas","14":"product_tag-decoracion-para-ninos-varones","16":"first","17":"instock","18":"taxable","19":"shipping-taxable","20":"purchasable","21":"product-type-simple"},"acf":[],"_links":{"self":[{"href":"https:\/\/arkanta.co\/co\/wp-json\/wp\/v2\/product\/1896","targetHints":{"allow":["GET"]}}],"collection":[{"href":"https:\/\/arkanta.co\/co\/wp-json\/wp\/v2\/product"}],"about":[{"href":"https:\/\/arkanta.co\/co\/wp-json\/wp\/v2\/types\/product"}],"replies":[{"embeddable":true,"href":"https:\/\/arkanta.co\/co\/wp-json\/wp\/v2\/comments?post=1896"}],"wp:featuredmedia":[{"embeddable":true,"href":"https:\/\/arkanta.co\/co\/wp-json\/wp\/v2\/media\/1920"}],"wp:attachment":[{"href":"https:\/\/arkanta.co\/co\/wp-json\/wp\/v2\/media?parent=1896"}],"wp:term":[{"taxonomy":"product_brand","embeddable":true,"href":"https:\/\/arkanta.co\/co\/wp-json\/wp\/v2\/product_brand?post=1896"},{"taxonomy":"product_cat","embeddable":true,"href":"https:\/\/arkanta.co\/co\/wp-json\/wp\/v2\/product_cat?post=1896"},{"taxonomy":"product_tag","embeddable":true,"href":"https:\/\/arkanta.co\/co\/wp-json\/wp\/v2\/product_tag?post=1896"}],"curies":[{"name":"wp","href":"https:\/\/api.w.org\/{rel}","templated":true}]}}