{"id":1878,"date":"2024-01-05T01:51:38","date_gmt":"2024-01-05T00:51:38","guid":{"rendered":"https:\/\/arkanta.co\/co\/?post_type=product&#038;p=1878"},"modified":"2024-05-05T01:29:48","modified_gmt":"2024-05-04T23:29:48","slug":"vinilo-decorativo-infantil-de-flores-2","status":"publish","type":"product","link":"https:\/\/arkanta.co\/co\/tienda-online\/vinilo-decorativo-infantil-de-flores-2\/","title":{"rendered":"Vinilo Decorativo Infantil de Flores"},"content":{"rendered":"<p><strong>Incluye:<\/strong> 1 set KIDS BLOW FLOWERS (Ref: V0304) + Gu\u00eda de instalaci\u00f3n.<\/p>\n<p><strong>Colores de la referencia: <\/strong>Verde lima, rosa, naranja claro, violeta.<\/p>\n<p>&nbsp;<\/p>\n<p>Vinilo adhesivo de acabado mate, disponible en 29 colores. Puedes <em>personalizar<\/em> <em>el tama\u00f1o como prefieras.<\/em>.<\/p>\n<p>De <a href=\"https:\/\/b.link\/CIUV\" target=\"_blank\" rel=\"noopener\">f\u00e1cil instalaci\u00f3n<\/a>, es posible colocarlo en cualquier tipo de superficie lisa, excepto sobre pinturas aceitosas. Mantiene sus caracter\u00edsticas, incluso en paredes soleadas. Puedes desinstalarlo de forma f\u00e1cil.<\/p>\n<p>Env\u00edo (terrestre) gratis a nivel nacional para todos los productos de la tienda. Realiza tus pagos de forma segura a trav\u00e9s de Mercado pago.<\/p>\n<p>Nuestros vinilos son fabricados en Colombia y est\u00e1n garantizados por defectos de fabricaci\u00f3n o piezas faltantes durante 1 a\u00f1o. Ofrecemos 15 d\u00edas de retractaci\u00f3n, por lo que puedes devolver el producto si no te ha convencido (aplican condiciones).<\/p>\n","protected":false},"excerpt":{"rendered":"<p>Vinilo adhesivo Kids Blow Flowers. Este moderno vinilo infantil incluye cuatro ilustraciones art\u00edsticas de flores de colores de diente de le\u00f3n con p\u00e9talos de coraz\u00f3n. Es un vinilo decorativo infantil que refleja amor, delicadeza y cari\u00f1o en la decoraci\u00f3n de las habitaciones infantiles.<\/p>\n<p>Es una pieza decorativa juvenil que se adapta f\u00e1cilmente a la decoraci\u00f3n de jardines infantiles, guarder\u00edas, consultorios pedi\u00e1tricos, viveros, caf\u00e9s, restaurantes, helader\u00edas, peluquer\u00edas para ni\u00f1as y tiendas de ropa infantil.<\/p>\n","protected":false},"featured_media":1918,"comment_status":"open","ping_status":"closed","template":"","meta":{"_acf_changed":false,"_et_pb_use_builder":"","_et_pb_old_content":"","_et_gb_content_width":"","content-type":""},"product_brand":[],"product_cat":[17,18,37,54,36,53],"product_tag":[28,29,30,31],"class_list":{"0":"post-1878","1":"product","2":"type-product","3":"status-publish","4":"has-post-thumbnail","6":"product_cat-decoracion-de-paredes","7":"product_cat-vinilos-decorativos-de-pared","8":"product_cat-vinilos-decorativos-infantiles","9":"product_cat-vinilos-decorativos-para-bebes","10":"product_cat-vinilos-florales","11":"product_cat-vinilos-para-jardines-infantiles","12":"product_tag-decoracion-infantil","13":"product_tag-decoracion-para-cuarto-de-bebe","14":"product_tag-decoracion-para-ninas","15":"product_tag-decoracion-para-ninos-varones","17":"first","18":"instock","19":"taxable","20":"shipping-taxable","21":"purchasable","22":"product-type-variable"},"acf":[],"_links":{"self":[{"href":"https:\/\/arkanta.co\/co\/wp-json\/wp\/v2\/product\/1878","targetHints":{"allow":["GET"]}}],"collection":[{"href":"https:\/\/arkanta.co\/co\/wp-json\/wp\/v2\/product"}],"about":[{"href":"https:\/\/arkanta.co\/co\/wp-json\/wp\/v2\/types\/product"}],"replies":[{"embeddable":true,"href":"https:\/\/arkanta.co\/co\/wp-json\/wp\/v2\/comments?post=1878"}],"wp:featuredmedia":[{"embeddable":true,"href":"https:\/\/arkanta.co\/co\/wp-json\/wp\/v2\/media\/1918"}],"wp:attachment":[{"href":"https:\/\/arkanta.co\/co\/wp-json\/wp\/v2\/media?parent=1878"}],"wp:term":[{"taxonomy":"product_brand","embeddable":true,"href":"https:\/\/arkanta.co\/co\/wp-json\/wp\/v2\/product_brand?post=1878"},{"taxonomy":"product_cat","embeddable":true,"href":"https:\/\/arkanta.co\/co\/wp-json\/wp\/v2\/product_cat?post=1878"},{"taxonomy":"product_tag","embeddable":true,"href":"https:\/\/arkanta.co\/co\/wp-json\/wp\/v2\/product_tag?post=1878"}],"curies":[{"name":"wp","href":"https:\/\/api.w.org\/{rel}","templated":true}]}}