{"id":186,"date":"2024-01-04T22:51:34","date_gmt":"2024-01-04T21:51:34","guid":{"rendered":"https:\/\/arkanta.co\/co\/?post_type=product&#038;p=186"},"modified":"2024-01-04T22:52:23","modified_gmt":"2024-01-04T21:52:23","slug":"vinilo-decorativo-de-texto-reglas-de-la-cocina","status":"publish","type":"product","link":"https:\/\/arkanta.co\/co\/tienda-online\/vinilo-decorativo-de-texto-reglas-de-la-cocina\/","title":{"rendered":"Vinilo Decorativo de Texto Reglas de la Cocina"},"content":{"rendered":"<p><strong>Incluye:<\/strong> 1 set KITCHEN RULES (Ref: V0029) + Gu\u00eda de instalaci\u00f3n. <\/p>\n<p><strong>Color de la referencia: <\/strong>Negro.<\/p>\n<p>&nbsp;<\/p>\n<p>Vinilo adhesivo de acabado mate, disponible en 29 colores. Puedes <em>personalizar<\/em> <em>los textos y el tama\u00f1o como prefieras<\/em>. <\/p>\n<p> De <a href=\"https:\/\/b.link\/CIUV\" target=\"_blank\" rel=\"noopener\">f&aacute;cil instalaci&oacute;n<\/a>, es posible colocarlo en cualquier tipo de superficie lisa, excepto sobre pinturas aceitosas. Mantiene sus caracter\u00edsticas, incluso en paredes soleadas. Puedes desinstalarlo de forma f\u00e1cil.<\/p>\n<p>Env\u00edo (terrestre) gratis a nivel nacional para todos los productos de la tienda. Realiza tus pagos de forma segura a trav\u00e9s de Mercado pago.<\/p>\n<p> Nuestros vinilos son fabricados en Colombia y est\u00e1n garantizados por defectos de fabricaci\u00f3n o piezas faltantes durante 1 a\u00f1o. Ofrecemos 15 d\u00edas de retractaci\u00f3n, por lo que puedes devolver el producto si no te ha convencido (aplican condiciones).<\/p>\n","protected":false},"excerpt":{"rendered":"<p>Vinilo adhesivo de texto Kitchen Rules. Este dise\u00f1o de texto personalizado con las reglas de la cocina en ingl\u00e9s incluye diferentes oraciones en las que se invita de forma original a recordar los modales al compartir una comida: \u201dKitchen rules, kiss the cook, no phones at the table, remember your manners, say plase and thank you, don&#8217;t be late, wash your hands, try new things, laught out loud, no elbows on the table, clear your dishes, eat until you are full, enjoy the company, speak kindly and be thankful for this meal. <\/p>\n<p>Decir por favor y gracias, no tener cerca el celular, re\u00edr en voz alta y agradecer por la comida, son h\u00e1bitos que hacen m\u00e1s agradable el estar en familia a la hora de comer. Nuestro vinilo de texto es ideal para la decoraci\u00f3n de tu comedor o cocina. <\/p>\n<p>Este vinilo aunque es pensado para la decoraci\u00f3n de casas, puedes personalizar sus textos para adaptarlo a una decoraci\u00f3n empresarial. Este dise\u00f1o funciona muy bien en la decoraci\u00f3n de hostales o sitios de alojamiento.<\/p>\n","protected":false},"featured_media":218,"comment_status":"open","ping_status":"closed","template":"","meta":{"_acf_changed":false,"_et_pb_use_builder":"","_et_pb_old_content":"","_et_gb_content_width":"","content-type":""},"product_brand":[],"product_cat":[17,19,18],"product_tag":[32,20],"class_list":{"0":"post-186","1":"product","2":"type-product","3":"status-publish","4":"has-post-thumbnail","6":"product_cat-decoracion-de-paredes","7":"product_cat-textos-y-frases","8":"product_cat-vinilos-decorativos-de-pared","9":"product_tag-decoracion-de-cocinas","10":"product_tag-decoracion-de-comedores","12":"first","13":"instock","14":"taxable","15":"shipping-taxable","16":"purchasable","17":"product-type-variable"},"acf":[],"_links":{"self":[{"href":"https:\/\/arkanta.co\/co\/wp-json\/wp\/v2\/product\/186","targetHints":{"allow":["GET"]}}],"collection":[{"href":"https:\/\/arkanta.co\/co\/wp-json\/wp\/v2\/product"}],"about":[{"href":"https:\/\/arkanta.co\/co\/wp-json\/wp\/v2\/types\/product"}],"replies":[{"embeddable":true,"href":"https:\/\/arkanta.co\/co\/wp-json\/wp\/v2\/comments?post=186"}],"wp:featuredmedia":[{"embeddable":true,"href":"https:\/\/arkanta.co\/co\/wp-json\/wp\/v2\/media\/218"}],"wp:attachment":[{"href":"https:\/\/arkanta.co\/co\/wp-json\/wp\/v2\/media?parent=186"}],"wp:term":[{"taxonomy":"product_brand","embeddable":true,"href":"https:\/\/arkanta.co\/co\/wp-json\/wp\/v2\/product_brand?post=186"},{"taxonomy":"product_cat","embeddable":true,"href":"https:\/\/arkanta.co\/co\/wp-json\/wp\/v2\/product_cat?post=186"},{"taxonomy":"product_tag","embeddable":true,"href":"https:\/\/arkanta.co\/co\/wp-json\/wp\/v2\/product_tag?post=186"}],"curies":[{"name":"wp","href":"https:\/\/api.w.org\/{rel}","templated":true}]}}