{"id":1835,"date":"2024-01-05T01:51:11","date_gmt":"2024-01-05T00:51:11","guid":{"rendered":"https:\/\/arkanta.co\/co\/?post_type=product&#038;p=1835"},"modified":"2024-05-05T01:35:25","modified_gmt":"2024-05-04T23:35:25","slug":"vinilo-infantil-de-arcoiris-2","status":"publish","type":"product","link":"https:\/\/arkanta.co\/co\/tienda-online\/vinilo-infantil-de-arcoiris-2\/","title":{"rendered":"Vinilo Infantil de Arcoiris"},"content":{"rendered":"<p><strong>Incluye:<\/strong> 1 set LOVING RAINBOW (Ref: V0292) + Gu\u00eda de instalaci\u00f3n.<\/p>\n<p><strong>Colores de la referencia: <\/strong>Azul celeste rosa, gris claro, naranja, naranja claro.<\/p>\n<p>&nbsp;<\/p>\n<p>Vinilo adhesivo de acabado mate, disponible en 29 colores. Puedes <em>personalizar<\/em> <em>el tama\u00f1o como prefieras.<\/em>.<\/p>\n<p>De <a href=\"https:\/\/b.link\/CIUV\" target=\"_blank\" rel=\"noopener\">f\u00e1cil instalaci\u00f3n<\/a>, es posible colocarlo en cualquier tipo de superficie lisa, excepto sobre pinturas aceitosas. Mantiene sus caracter\u00edsticas, incluso en paredes soleadas. Puedes desinstalarlo de forma f\u00e1cil.<\/p>\n<p>Env\u00edo (terrestre) gratis a nivel nacional para todos los productos de la tienda. Realiza tus pagos de forma segura a trav\u00e9s de Mercado pago.<\/p>\n<p>Nuestros vinilos son fabricados en Colombia y est\u00e1n garantizados por defectos de fabricaci\u00f3n o piezas faltantes durante 1 a\u00f1o. Ofrecemos 15 d\u00edas de retractaci\u00f3n, por lo que puedes devolver el producto si no te ha convencido (aplican condiciones).<\/p>\n","protected":false},"excerpt":{"rendered":"<p>Vinilo adhesivo infantil Loving Rainbow. Dise\u00f1o de pegatina infantil de arco\u00edris con coraz\u00f3n al centro. Esta pieza decorativa refleja la magia y belleza de los arco\u00edris, adem\u00e1s de a\u00f1adir un toque de luz y color a la habitaci\u00f3n de tus hijos. Es una pegatina infantil perfecta para complementar la decoraci\u00f3n del cuarto del beb\u00e9 y habitaciones infantiles.<\/p>\n<p>Este dise\u00f1o es ideal para acompa\u00f1ar la decoraci\u00f3n de guarder\u00edas, zonas infantiles en restaurantes, jardines infantiles, helader\u00edas, tiendas de ropa y accesorios infantiles.<\/p>\n","protected":false},"featured_media":1847,"comment_status":"open","ping_status":"closed","template":"","meta":{"_acf_changed":false,"_et_pb_use_builder":"","_et_pb_old_content":"","_et_gb_content_width":"","content-type":""},"product_brand":[],"product_cat":[17,18,37,53],"product_tag":[28,29,30,31],"class_list":{"0":"post-1835","1":"product","2":"type-product","3":"status-publish","4":"has-post-thumbnail","6":"product_cat-decoracion-de-paredes","7":"product_cat-vinilos-decorativos-de-pared","8":"product_cat-vinilos-decorativos-infantiles","9":"product_cat-vinilos-para-jardines-infantiles","10":"product_tag-decoracion-infantil","11":"product_tag-decoracion-para-cuarto-de-bebe","12":"product_tag-decoracion-para-ninas","13":"product_tag-decoracion-para-ninos-varones","15":"first","16":"instock","17":"taxable","18":"shipping-taxable","19":"purchasable","20":"product-type-variable"},"acf":[],"_links":{"self":[{"href":"https:\/\/arkanta.co\/co\/wp-json\/wp\/v2\/product\/1835","targetHints":{"allow":["GET"]}}],"collection":[{"href":"https:\/\/arkanta.co\/co\/wp-json\/wp\/v2\/product"}],"about":[{"href":"https:\/\/arkanta.co\/co\/wp-json\/wp\/v2\/types\/product"}],"replies":[{"embeddable":true,"href":"https:\/\/arkanta.co\/co\/wp-json\/wp\/v2\/comments?post=1835"}],"wp:featuredmedia":[{"embeddable":true,"href":"https:\/\/arkanta.co\/co\/wp-json\/wp\/v2\/media\/1847"}],"wp:attachment":[{"href":"https:\/\/arkanta.co\/co\/wp-json\/wp\/v2\/media?parent=1835"}],"wp:term":[{"taxonomy":"product_brand","embeddable":true,"href":"https:\/\/arkanta.co\/co\/wp-json\/wp\/v2\/product_brand?post=1835"},{"taxonomy":"product_cat","embeddable":true,"href":"https:\/\/arkanta.co\/co\/wp-json\/wp\/v2\/product_cat?post=1835"},{"taxonomy":"product_tag","embeddable":true,"href":"https:\/\/arkanta.co\/co\/wp-json\/wp\/v2\/product_tag?post=1835"}],"curies":[{"name":"wp","href":"https:\/\/api.w.org\/{rel}","templated":true}]}}