{"id":1803,"date":"2024-01-05T01:50:46","date_gmt":"2024-01-05T00:50:46","guid":{"rendered":"https:\/\/arkanta.co\/co\/?post_type=product&#038;p=1803"},"modified":"2024-05-05T02:20:51","modified_gmt":"2024-05-05T00:20:51","slug":"vinilo-infantil-de-numeros","status":"publish","type":"product","link":"https:\/\/arkanta.co\/co\/tienda-online\/vinilo-infantil-de-numeros\/","title":{"rendered":"Vinilo Infantil de N\u00fameros"},"content":{"rendered":"<p><strong>Incluye:<\/strong> 1 set KIDS NUMBERS (Ref: V0289) + Gu\u00eda de instalaci\u00f3n.<\/p>\n<p><strong>Colores de la referencia: <\/strong>Naranja, naranja claro, azul oscuro, menta.<\/p>\n<p>&nbsp;<\/p>\n<p>Vinilo adhesivo de acabado mate, disponible en 29 colores. Puedes <em>personalizar<\/em> <em>el tama\u00f1o como prefieras.<\/em>.<\/p>\n<p>De <a href=\"https:\/\/b.link\/CIUV\" target=\"_blank\" rel=\"noopener\">f\u00e1cil instalaci\u00f3n<\/a>, es posible colocarlo en cualquier tipo de superficie lisa, excepto sobre pinturas aceitosas. Mantiene sus caracter\u00edsticas, incluso en paredes soleadas. Puedes desinstalarlo de forma f\u00e1cil.<\/p>\n<p>Env\u00edo (terrestre) gratis a nivel nacional para todos los productos de la tienda. Realiza tus pagos de forma segura a trav\u00e9s de Mercado pago.<\/p>\n<p>Nuestros vinilos son fabricados en Colombia y est\u00e1n garantizados por defectos de fabricaci\u00f3n o piezas faltantes durante 1 a\u00f1o. Ofrecemos 15 d\u00edas de retractaci\u00f3n, por lo que puedes devolver el producto si no te ha convencido (aplican condiciones).<\/p>\n","protected":false},"excerpt":{"rendered":"<p>Vinilo adhesivo Kids Numbers. Este vinilo educativo infantil incluye los n\u00fameros del cero al nueve y los signos de las cuatro operaciones matem\u00e1ticas b\u00e1sicas. Es un dise\u00f1o perfecto para estimular el aprendizaje y fortalecer las habilidades num\u00e9ricas de tus hijos desde una forma l\u00fadica y did\u00e1ctica. Puedes utilizarlo en la decoraci\u00f3n de \u00e1reas de estudio y habitaciones infantiles.<\/p>\n<p>Esta pieza decorativa infantil es ideal para decorar bibliotecas, salones de clase, jardines infantiles, colegios y zonas de estudio.<\/p>\n","protected":false},"featured_media":1821,"comment_status":"open","ping_status":"closed","template":"","meta":{"_acf_changed":false,"_et_pb_use_builder":"","_et_pb_old_content":"","_et_gb_content_width":"","content-type":""},"product_brand":[],"product_cat":[17,18,37,54,52,53],"product_tag":[28,29,30,31],"class_list":{"0":"post-1803","1":"product","2":"type-product","3":"status-publish","4":"has-post-thumbnail","6":"product_cat-decoracion-de-paredes","7":"product_cat-vinilos-decorativos-de-pared","8":"product_cat-vinilos-decorativos-infantiles","9":"product_cat-vinilos-decorativos-para-bebes","10":"product_cat-vinilos-educativos","11":"product_cat-vinilos-para-jardines-infantiles","12":"product_tag-decoracion-infantil","13":"product_tag-decoracion-para-cuarto-de-bebe","14":"product_tag-decoracion-para-ninas","15":"product_tag-decoracion-para-ninos-varones","17":"first","18":"instock","19":"taxable","20":"shipping-taxable","21":"purchasable","22":"product-type-variable"},"acf":[],"_links":{"self":[{"href":"https:\/\/arkanta.co\/co\/wp-json\/wp\/v2\/product\/1803","targetHints":{"allow":["GET"]}}],"collection":[{"href":"https:\/\/arkanta.co\/co\/wp-json\/wp\/v2\/product"}],"about":[{"href":"https:\/\/arkanta.co\/co\/wp-json\/wp\/v2\/types\/product"}],"replies":[{"embeddable":true,"href":"https:\/\/arkanta.co\/co\/wp-json\/wp\/v2\/comments?post=1803"}],"wp:featuredmedia":[{"embeddable":true,"href":"https:\/\/arkanta.co\/co\/wp-json\/wp\/v2\/media\/1821"}],"wp:attachment":[{"href":"https:\/\/arkanta.co\/co\/wp-json\/wp\/v2\/media?parent=1803"}],"wp:term":[{"taxonomy":"product_brand","embeddable":true,"href":"https:\/\/arkanta.co\/co\/wp-json\/wp\/v2\/product_brand?post=1803"},{"taxonomy":"product_cat","embeddable":true,"href":"https:\/\/arkanta.co\/co\/wp-json\/wp\/v2\/product_cat?post=1803"},{"taxonomy":"product_tag","embeddable":true,"href":"https:\/\/arkanta.co\/co\/wp-json\/wp\/v2\/product_tag?post=1803"}],"curies":[{"name":"wp","href":"https:\/\/api.w.org\/{rel}","templated":true}]}}