{"id":1764,"date":"2024-01-05T01:49:56","date_gmt":"2024-01-05T00:49:56","guid":{"rendered":"https:\/\/arkanta.co\/co\/?post_type=product&#038;p=1764"},"modified":"2024-05-05T02:27:52","modified_gmt":"2024-05-05T00:27:52","slug":"vinilo-de-medidor-infantil-con-animales-4","status":"publish","type":"product","link":"https:\/\/arkanta.co\/co\/tienda-online\/vinilo-de-medidor-infantil-con-animales-4\/","title":{"rendered":"Vinilo de Medidor Infantil con Animales"},"content":{"rendered":"<p><strong>Incluye:<\/strong> 1 set JUNGLE METER (Ref: V0280) + Gu\u00eda de instalaci\u00f3n.<\/p>\n<p><strong>Medidas: <\/strong>42 x 160 cm (ancho x alto)<\/p>\n<p><strong>Color de la referencia: <\/strong>Impresi\u00f3n multicolor.<\/p>\n<p>&nbsp;<\/p>\n<p>Vinilo adhesivo de acabado mate. Puedes <em>personalizar<\/em> <em>el tama\u00f1o como prefieras.<\/em>.<\/p>\n<p>De <a href=\"https:\/\/b.link\/CIUV\" target=\"_blank\" rel=\"noopener\">f\u00e1cil instalaci\u00f3n<\/a>, es posible colocarlo en cualquier tipo de superficie lisa, excepto sobre pinturas aceitosas. Mantiene sus caracter\u00edsticas, incluso en paredes soleadas. Puedes desinstalarlo de forma f\u00e1cil.<\/p>\n<p>Env\u00edo (terrestre) gratis a nivel nacional para todos los productos de la tienda. Realiza tus pagos de forma segura a trav\u00e9s de Mercado pago.<\/p>\n<p>Nuestros vinilos son fabricados en Colombia y est\u00e1n garantizados por defectos de fabricaci\u00f3n o piezas faltantes durante 1 a\u00f1o. Ofrecemos 15 d\u00edas de retractaci\u00f3n, por lo que puedes devolver el producto si no te ha convencido (aplican condiciones).<\/p>\n","protected":false},"excerpt":{"rendered":"<p>Vinilo adhesivo Jungle Meter. Este divertido dise\u00f1o de vinilo medidor infantil para pared est\u00e1 inspirado en la vegetaci\u00f3n y en los animales de la jungla. Esta pieza Incluye una cinta m\u00e9trica adhesiva y varios animales: jirafa, elefante, guacamaya, leopardo y mico. Este vinilo decorativo est\u00e1 dise\u00f1ado especialmente para a\u00f1adir un aire tropical y tierno a la decoraci\u00f3n de la habitaci\u00f3n del beb\u00e9 o habitaciones infantiles. Es un elemento decorativo que te ayuda a tener presente el crecimiento de tus hijos e incentivarlos a alimentarse bien para crecer sanos y fuertes.<\/p>\n<p>Este vinilo va perfecto en la decoraci\u00f3n de jardines infantiles, colegios, guarder\u00edas, \u00e1reas de estudio, salones de juego, consultorios m\u00e9dicos y pedi\u00e1tricos, jugueter\u00edas, tiendas de ropa y accesorios infantiles.<\/p>\n","protected":false},"featured_media":1788,"comment_status":"open","ping_status":"closed","template":"","meta":{"_acf_changed":false,"_et_pb_use_builder":"","_et_pb_old_content":"","_et_gb_content_width":"","content-type":""},"product_brand":[],"product_cat":[17,61,18,37],"product_tag":[28,29,30],"class_list":{"0":"post-1764","1":"product","2":"type-product","3":"status-publish","4":"has-post-thumbnail","6":"product_cat-decoracion-de-paredes","7":"product_cat-vinilos-de-medidores-infantiles","8":"product_cat-vinilos-decorativos-de-pared","9":"product_cat-vinilos-decorativos-infantiles","10":"product_tag-decoracion-infantil","11":"product_tag-decoracion-para-cuarto-de-bebe","12":"product_tag-decoracion-para-ninas","14":"first","15":"instock","16":"taxable","17":"shipping-taxable","18":"purchasable","19":"product-type-simple"},"acf":[],"_links":{"self":[{"href":"https:\/\/arkanta.co\/co\/wp-json\/wp\/v2\/product\/1764","targetHints":{"allow":["GET"]}}],"collection":[{"href":"https:\/\/arkanta.co\/co\/wp-json\/wp\/v2\/product"}],"about":[{"href":"https:\/\/arkanta.co\/co\/wp-json\/wp\/v2\/types\/product"}],"replies":[{"embeddable":true,"href":"https:\/\/arkanta.co\/co\/wp-json\/wp\/v2\/comments?post=1764"}],"wp:featuredmedia":[{"embeddable":true,"href":"https:\/\/arkanta.co\/co\/wp-json\/wp\/v2\/media\/1788"}],"wp:attachment":[{"href":"https:\/\/arkanta.co\/co\/wp-json\/wp\/v2\/media?parent=1764"}],"wp:term":[{"taxonomy":"product_brand","embeddable":true,"href":"https:\/\/arkanta.co\/co\/wp-json\/wp\/v2\/product_brand?post=1764"},{"taxonomy":"product_cat","embeddable":true,"href":"https:\/\/arkanta.co\/co\/wp-json\/wp\/v2\/product_cat?post=1764"},{"taxonomy":"product_tag","embeddable":true,"href":"https:\/\/arkanta.co\/co\/wp-json\/wp\/v2\/product_tag?post=1764"}],"curies":[{"name":"wp","href":"https:\/\/api.w.org\/{rel}","templated":true}]}}