{"id":1725,"date":"2024-01-05T01:49:31","date_gmt":"2024-01-05T00:49:31","guid":{"rendered":"https:\/\/arkanta.co\/co\/?post_type=product&#038;p=1725"},"modified":"2024-05-05T02:21:19","modified_gmt":"2024-05-05T00:21:19","slug":"vinilo-esmerilado-de-pajaros","status":"publish","type":"product","link":"https:\/\/arkanta.co\/co\/tienda-online\/vinilo-esmerilado-de-pajaros\/","title":{"rendered":"Vinilo Esmerilado de P\u00e1jaros"},"content":{"rendered":"<p><strong>Incluye:<\/strong> 1 set FROSTED BIRDS (Ref: V0270) + Gu\u00eda de instalaci\u00f3n.<\/p>\n<p><strong>Medidas: <\/strong>110 x 100 cm (ancho x alto)<\/p>\n<p><strong>Color de la referencia: <\/strong>Frosted.<\/p>\n<p>&nbsp;<\/p>\n<p>Vinilo adhesivo de acabado mate. Puedes <em>personalizar<\/em> <em>el tama\u00f1o como prefieras.<\/em>.<\/p>\n<p>De <a href=\"https:\/\/b.link\/CIUV\" target=\"_blank\" rel=\"noopener\">f\u00e1cil instalaci\u00f3n<\/a>, es posible colocarlo en cualquier tipo de superficie lisa, excepto sobre pinturas aceitosas. Mantiene sus caracter\u00edsticas, incluso en paredes soleadas. Puedes desinstalarlo de forma f\u00e1cil.<\/p>\n<p>Env\u00edo (terrestre) gratis a nivel nacional para todos los productos de la tienda. Realiza tus pagos de forma segura a trav\u00e9s de Mercado pago.<\/p>\n<p>Nuestros vinilos son fabricados en Colombia y est\u00e1n garantizados por defectos de fabricaci\u00f3n o piezas faltantes durante 1 a\u00f1o. Ofrecemos 15 d\u00edas de retractaci\u00f3n, por lo que puedes devolver el producto si no te ha convencido (aplican condiciones).<\/p>\n","protected":false},"excerpt":{"rendered":"<p>Vinilo adhesivo frosted Birds. Este dise\u00f1o figura fondo, consta de dos rect\u00e1ngulos que incluyen la silueta de 2 p\u00e1jaros ubicados en una rama y 5 p\u00e1jaros volando. Es una pel\u00edcula frosted para vidrios perfecta para decorar el hogar de quienes aman las aves y la naturaleza. El material altamente resistente en el que est\u00e1n elaborados permite a\u00f1adir privacidad al espacio sin impedir el paso de la luz exterior, lo que hace que sean ideales para decorar divisiones de ba\u00f1os y ventanas de cocinas.<\/p>\n<p>Este vinilo esmerilado funciona perfectamente para decorar ventanas y vitrinas exteriores de spas, peluquer\u00edas, centros de est\u00e9tica o restaurantes.<\/p>\n","protected":false},"featured_media":1765,"comment_status":"open","ping_status":"closed","template":"","meta":{"_acf_changed":false,"_et_pb_use_builder":"","_et_pb_old_content":"","_et_gb_content_width":"","content-type":""},"product_brand":[],"product_cat":[17,59,18],"product_tag":[28,29,30,31],"class_list":{"0":"post-1725","1":"product","2":"type-product","3":"status-publish","4":"has-post-thumbnail","6":"product_cat-decoracion-de-paredes","7":"product_cat-vinilo-frosted","8":"product_cat-vinilos-decorativos-de-pared","9":"product_tag-decoracion-infantil","10":"product_tag-decoracion-para-cuarto-de-bebe","11":"product_tag-decoracion-para-ninas","12":"product_tag-decoracion-para-ninos-varones","14":"first","15":"instock","16":"taxable","17":"shipping-taxable","18":"purchasable","19":"product-type-simple"},"acf":[],"_links":{"self":[{"href":"https:\/\/arkanta.co\/co\/wp-json\/wp\/v2\/product\/1725","targetHints":{"allow":["GET"]}}],"collection":[{"href":"https:\/\/arkanta.co\/co\/wp-json\/wp\/v2\/product"}],"about":[{"href":"https:\/\/arkanta.co\/co\/wp-json\/wp\/v2\/types\/product"}],"replies":[{"embeddable":true,"href":"https:\/\/arkanta.co\/co\/wp-json\/wp\/v2\/comments?post=1725"}],"wp:featuredmedia":[{"embeddable":true,"href":"https:\/\/arkanta.co\/co\/wp-json\/wp\/v2\/media\/1765"}],"wp:attachment":[{"href":"https:\/\/arkanta.co\/co\/wp-json\/wp\/v2\/media?parent=1725"}],"wp:term":[{"taxonomy":"product_brand","embeddable":true,"href":"https:\/\/arkanta.co\/co\/wp-json\/wp\/v2\/product_brand?post=1725"},{"taxonomy":"product_cat","embeddable":true,"href":"https:\/\/arkanta.co\/co\/wp-json\/wp\/v2\/product_cat?post=1725"},{"taxonomy":"product_tag","embeddable":true,"href":"https:\/\/arkanta.co\/co\/wp-json\/wp\/v2\/product_tag?post=1725"}],"curies":[{"name":"wp","href":"https:\/\/api.w.org\/{rel}","templated":true}]}}