{"id":1714,"date":"2024-01-05T01:49:05","date_gmt":"2024-01-05T00:49:05","guid":{"rendered":"https:\/\/arkanta.co\/co\/?post_type=product&#038;p=1714"},"modified":"2024-05-05T02:21:21","modified_gmt":"2024-05-05T00:21:21","slug":"vinilo-esmerilado-arabescos-florales","status":"publish","type":"product","link":"https:\/\/arkanta.co\/co\/tienda-online\/vinilo-esmerilado-arabescos-florales\/","title":{"rendered":"Vinilo Esmerilado Arabescos Florales"},"content":{"rendered":"<p><strong>Incluye:<\/strong> 1 set FROSTED ARABESQUE (Ref: V0269) + Gu\u00eda de instalaci\u00f3n.<\/p>\n<p><strong>Medidas: <\/strong>58 x 134 cm (ancho x alto)<\/p>\n<p><strong>Color de la referencia: <\/strong>Frosted.<\/p>\n<p>&nbsp;<\/p>\n<p>Vinilo adhesivo de acabado mate. Puedes <em>personalizar<\/em> <em>el tama\u00f1o como prefieras.<\/em>.<\/p>\n<p>De <a href=\"https:\/\/b.link\/CIUV\" target=\"_blank\" rel=\"noopener\">f\u00e1cil instalaci\u00f3n<\/a>, es posible colocarlo en cualquier tipo de superficie lisa, excepto sobre pinturas aceitosas. Mantiene sus caracter\u00edsticas, incluso en paredes soleadas. Puedes desinstalarlo de forma f\u00e1cil.<\/p>\n<p>Env\u00edo (terrestre) gratis a nivel nacional para todos los productos de la tienda. Realiza tus pagos de forma segura a trav\u00e9s de Mercado pago.<\/p>\n<p>Nuestros vinilos son fabricados en Colombia y est\u00e1n garantizados por defectos de fabricaci\u00f3n o piezas faltantes durante 1 a\u00f1o. Ofrecemos 15 d\u00edas de retractaci\u00f3n, por lo que puedes devolver el producto si no te ha convencido (aplican condiciones).<\/p>\n","protected":false},"excerpt":{"rendered":"<p>Vinilo adhesivo frosted Arabesque. Esta pieza decorativa de arabescos ornamentales es un dise\u00f1o que a\u00f1adir\u00e1 un toque \u00fanico y natural a los vidrios y cristales de tu hogar. Esta pel\u00edcula frosted est\u00e1 elaborada en un material que a\u00f1ade privacidad al espacio, sin afectar el paso de la luz exterior. Son ideales para personalizar divisiones de ba\u00f1os y ventanas de cocinas. Cada una de las piezas viene por separado.<\/p>\n<p>Este dise\u00f1o de vinilo esmerilado es ideal para la decoraci\u00f3n de espejos de spas, peluquer\u00edas o centros de est\u00e9tica, as\u00ed como las vitrinas exteriores de restaurantes, tiendas de ropa y accesorios femeninos.<\/p>\n","protected":false},"featured_media":1758,"comment_status":"open","ping_status":"closed","template":"","meta":{"_acf_changed":false,"_et_pb_use_builder":"","_et_pb_old_content":"","_et_gb_content_width":"","content-type":""},"product_brand":[],"product_cat":[17,59,18],"product_tag":[28,29,30,31],"class_list":{"0":"post-1714","1":"product","2":"type-product","3":"status-publish","4":"has-post-thumbnail","6":"product_cat-decoracion-de-paredes","7":"product_cat-vinilo-frosted","8":"product_cat-vinilos-decorativos-de-pared","9":"product_tag-decoracion-infantil","10":"product_tag-decoracion-para-cuarto-de-bebe","11":"product_tag-decoracion-para-ninas","12":"product_tag-decoracion-para-ninos-varones","14":"first","15":"instock","16":"taxable","17":"shipping-taxable","18":"purchasable","19":"product-type-simple"},"acf":[],"_links":{"self":[{"href":"https:\/\/arkanta.co\/co\/wp-json\/wp\/v2\/product\/1714","targetHints":{"allow":["GET"]}}],"collection":[{"href":"https:\/\/arkanta.co\/co\/wp-json\/wp\/v2\/product"}],"about":[{"href":"https:\/\/arkanta.co\/co\/wp-json\/wp\/v2\/types\/product"}],"replies":[{"embeddable":true,"href":"https:\/\/arkanta.co\/co\/wp-json\/wp\/v2\/comments?post=1714"}],"wp:featuredmedia":[{"embeddable":true,"href":"https:\/\/arkanta.co\/co\/wp-json\/wp\/v2\/media\/1758"}],"wp:attachment":[{"href":"https:\/\/arkanta.co\/co\/wp-json\/wp\/v2\/media?parent=1714"}],"wp:term":[{"taxonomy":"product_brand","embeddable":true,"href":"https:\/\/arkanta.co\/co\/wp-json\/wp\/v2\/product_brand?post=1714"},{"taxonomy":"product_cat","embeddable":true,"href":"https:\/\/arkanta.co\/co\/wp-json\/wp\/v2\/product_cat?post=1714"},{"taxonomy":"product_tag","embeddable":true,"href":"https:\/\/arkanta.co\/co\/wp-json\/wp\/v2\/product_tag?post=1714"}],"curies":[{"name":"wp","href":"https:\/\/api.w.org\/{rel}","templated":true}]}}