{"id":1709,"date":"2024-01-05T01:49:05","date_gmt":"2024-01-05T00:49:05","guid":{"rendered":"https:\/\/arkanta.co\/co\/?post_type=product&#038;p=1709"},"modified":"2024-05-05T01:59:41","modified_gmt":"2024-05-04T23:59:41","slug":"vinilo-de-mapamundi-infantil-con-animales-5","status":"publish","type":"product","link":"https:\/\/arkanta.co\/co\/tienda-online\/vinilo-de-mapamundi-infantil-con-animales-5\/","title":{"rendered":"Vinilo de Mapamundi Infantil con Animales"},"content":{"rendered":"<p><strong>Incluye:<\/strong> 1 set SWEET MAPAMUNDI (Ref: V0277) + Gu\u00eda de instalaci\u00f3n.<\/p>\n<p><strong>Color de la referencia: <\/strong>Impresi\u00f3n multicolor.<\/p>\n<p>&nbsp;<\/p>\n<p>Fotomural adhesivo de acabado mate. Puedes <em>personalizar<\/em> <em>el tama\u00f1o como prefieras.<\/em>.<\/p>\n<p>De <a href=\"https:\/\/b.link\/CIUV\" target=\"_blank\" rel=\"noopener\">f\u00e1cil instalaci\u00f3n<\/a>, es posible colocarlo en cualquier tipo de superficie lisa, excepto sobre pinturas aceitosas. Mantiene sus caracter\u00edsticas, incluso en paredes soleadas. Puedes desinstalarlo de forma f\u00e1cil.<\/p>\n<p>Env\u00edo (terrestre) gratis a nivel nacional para todos los productos de la tienda. Realiza tus pagos de forma segura a trav\u00e9s de Mercado pago.<\/p>\n<p>Nuestros vinilos son fabricados en Colombia y est\u00e1n garantizados por defectos de fabricaci\u00f3n o piezas faltantes durante 1 a\u00f1o. Ofrecemos 15 d\u00edas de retractaci\u00f3n, por lo que puedes devolver el producto si no te ha convencido (aplican condiciones).<\/p>\n","protected":false},"excerpt":{"rendered":"<p>Vinilo adhesivo Sweet Mapamundi. Este delicado dise\u00f1o en colores pastel de mapamundi infantil, incluye los continentes, oc\u00e9anos, la silueta de una br\u00fajula y la ilustraci\u00f3n de diferentes animales terrestres y marinos: Tiburones, pulpos, elefantes, jirafas, ping\u00fcinos, focas, entre otras m\u00e1s. Este dise\u00f1o es perfecto para a\u00f1adir suavidad y delicadeza en habitaciones infantiles y ayuda a estimular el aprendizaje y memoria de tus hijos.<\/p>\n<p>Estos vinilos de animales va perfecto en la sala de espera de consultorios pedi\u00e1tricos, decoraci\u00f3n de colegios, guarder\u00edas, jardines infantiles, \u00e1reas de estudio, salones de juego, tiendas de ropa y accesorios infantiles.<\/p>\n","protected":false},"featured_media":1723,"comment_status":"open","ping_status":"closed","template":"","meta":{"_acf_changed":false,"_et_pb_use_builder":"","_et_pb_old_content":"","_et_gb_content_width":"","content-type":""},"product_brand":[],"product_cat":[17,39,18,54,53],"product_tag":[28,29,30,31],"class_list":{"0":"post-1709","1":"product","2":"type-product","3":"status-publish","4":"has-post-thumbnail","6":"product_cat-decoracion-de-paredes","7":"product_cat-vinilos-decorativos-de-mapamundis-infantiles","8":"product_cat-vinilos-decorativos-de-pared","9":"product_cat-vinilos-decorativos-para-bebes","10":"product_cat-vinilos-para-jardines-infantiles","11":"product_tag-decoracion-infantil","12":"product_tag-decoracion-para-cuarto-de-bebe","13":"product_tag-decoracion-para-ninas","14":"product_tag-decoracion-para-ninos-varones","16":"first","17":"instock","18":"taxable","19":"shipping-taxable","20":"purchasable","21":"product-type-variable"},"acf":[],"_links":{"self":[{"href":"https:\/\/arkanta.co\/co\/wp-json\/wp\/v2\/product\/1709","targetHints":{"allow":["GET"]}}],"collection":[{"href":"https:\/\/arkanta.co\/co\/wp-json\/wp\/v2\/product"}],"about":[{"href":"https:\/\/arkanta.co\/co\/wp-json\/wp\/v2\/types\/product"}],"replies":[{"embeddable":true,"href":"https:\/\/arkanta.co\/co\/wp-json\/wp\/v2\/comments?post=1709"}],"wp:featuredmedia":[{"embeddable":true,"href":"https:\/\/arkanta.co\/co\/wp-json\/wp\/v2\/media\/1723"}],"wp:attachment":[{"href":"https:\/\/arkanta.co\/co\/wp-json\/wp\/v2\/media?parent=1709"}],"wp:term":[{"taxonomy":"product_brand","embeddable":true,"href":"https:\/\/arkanta.co\/co\/wp-json\/wp\/v2\/product_brand?post=1709"},{"taxonomy":"product_cat","embeddable":true,"href":"https:\/\/arkanta.co\/co\/wp-json\/wp\/v2\/product_cat?post=1709"},{"taxonomy":"product_tag","embeddable":true,"href":"https:\/\/arkanta.co\/co\/wp-json\/wp\/v2\/product_tag?post=1709"}],"curies":[{"name":"wp","href":"https:\/\/api.w.org\/{rel}","templated":true}]}}