{"id":1673,"date":"2024-01-05T01:48:39","date_gmt":"2024-01-05T00:48:39","guid":{"rendered":"https:\/\/arkanta.co\/co\/?post_type=product&#038;p=1673"},"modified":"2024-05-05T02:48:27","modified_gmt":"2024-05-05T00:48:27","slug":"vinilo-decorativo-de-azulejos-asni-2","status":"publish","type":"product","link":"https:\/\/arkanta.co\/co\/tienda-online\/vinilo-decorativo-de-azulejos-asni-2\/","title":{"rendered":"Vinilo Decorativo de Azulejos Asni"},"content":{"rendered":"<p><strong>Incluye:<\/strong> 1 set AZULEJOS ASNI (Ref: V0262) + Gu\u00eda de instalaci\u00f3n.<\/p>\n<p><strong>Color de la referencia: <\/strong>Impresi\u00f3n multicolor.<\/p>\n<p>&nbsp;<\/p>\n<p>Vinilo adhesivo de acabado mate. Puedes <em>personalizar<\/em> <em>el tama\u00f1o como prefieras.<\/em>.<\/p>\n<p>De <a href=\"https:\/\/b.link\/CIUV\" target=\"_blank\" rel=\"noopener\">f\u00e1cil instalaci\u00f3n<\/a>, es posible colocarlo en cualquier tipo de superficie lisa, excepto sobre pinturas aceitosas. Mantiene sus caracter\u00edsticas, incluso en paredes soleadas. Puedes desinstalarlo de forma f\u00e1cil.<\/p>\n<p>Env\u00edo (terrestre) gratis a nivel nacional para todos los productos de la tienda. Realiza tus pagos de forma segura a trav\u00e9s de Mercado pago.<\/p>\n<p>Nuestros vinilos son fabricados en Colombia y est\u00e1n garantizados por defectos de fabricaci\u00f3n o piezas faltantes durante 1 a\u00f1o. Ofrecemos 15 d\u00edas de retractaci\u00f3n, por lo que puedes devolver el producto si no te ha convencido (aplican condiciones).<\/p>\n","protected":false},"excerpt":{"rendered":"<p>Vinilo adhesivo tipo azulejo Asni. Los diferentes patrones florales del estampado de este dise\u00f1o son t\u00edpicas de la cultura del medio oriente. El color azul celeste con detalles azul oscuro har\u00e1n que sin duda esta pieza decorativa a\u00f1ada modernidad y estilo arabe a la decoraci\u00f3n de tu hogar. Este tipo de mosaicos adhesivos est\u00e1n elaborados en un material de alta durabilidad, resistencia a la humedad y de f\u00e1cil limpieza, por lo que son perfectos para renovar la apariencia de escaleras y baldosas en las paredes de ba\u00f1os o cocinas. Cada pieza de este dise\u00f1o viene por separado, as\u00ed que tienes la libertad de crear diferentes patrones en tu dise\u00f1o y ajustarlos a tu espacio.<\/p>\n<p>Estos azulejos adhesivos acompa\u00f1an perfectamente la ambientaci\u00f3n de helader\u00edas, pasteler\u00edas artesanales, florister\u00edas, peluquer\u00edas, caf\u00e9s, spas, centros de est\u00e9tica, restaurantes y tiendas de ropa femenina.<\/p>\n","protected":false},"featured_media":1695,"comment_status":"open","ping_status":"closed","template":"","meta":{"_acf_changed":false,"_et_pb_use_builder":"","_et_pb_old_content":"","_et_gb_content_width":"","content-type":""},"product_brand":[],"product_cat":[40,17,18,41,42],"product_tag":[43,32],"class_list":{"0":"post-1673","1":"product","2":"type-product","3":"status-publish","4":"has-post-thumbnail","6":"product_cat-azulejos-adhesivos","7":"product_cat-decoracion-de-paredes","8":"product_cat-vinilos-decorativos-de-pared","9":"product_cat-vinilos-para-escaleras","10":"product_cat-vinilos-para-muebles","11":"product_tag-decoracion-de-banos","12":"product_tag-decoracion-de-cocinas","14":"first","15":"instock","16":"taxable","17":"shipping-taxable","18":"purchasable","19":"product-type-variable"},"acf":[],"_links":{"self":[{"href":"https:\/\/arkanta.co\/co\/wp-json\/wp\/v2\/product\/1673","targetHints":{"allow":["GET"]}}],"collection":[{"href":"https:\/\/arkanta.co\/co\/wp-json\/wp\/v2\/product"}],"about":[{"href":"https:\/\/arkanta.co\/co\/wp-json\/wp\/v2\/types\/product"}],"replies":[{"embeddable":true,"href":"https:\/\/arkanta.co\/co\/wp-json\/wp\/v2\/comments?post=1673"}],"wp:featuredmedia":[{"embeddable":true,"href":"https:\/\/arkanta.co\/co\/wp-json\/wp\/v2\/media\/1695"}],"wp:attachment":[{"href":"https:\/\/arkanta.co\/co\/wp-json\/wp\/v2\/media?parent=1673"}],"wp:term":[{"taxonomy":"product_brand","embeddable":true,"href":"https:\/\/arkanta.co\/co\/wp-json\/wp\/v2\/product_brand?post=1673"},{"taxonomy":"product_cat","embeddable":true,"href":"https:\/\/arkanta.co\/co\/wp-json\/wp\/v2\/product_cat?post=1673"},{"taxonomy":"product_tag","embeddable":true,"href":"https:\/\/arkanta.co\/co\/wp-json\/wp\/v2\/product_tag?post=1673"}],"curies":[{"name":"wp","href":"https:\/\/api.w.org\/{rel}","templated":true}]}}