{"id":1500,"date":"2024-01-05T01:46:04","date_gmt":"2024-01-05T00:46:04","guid":{"rendered":"https:\/\/arkanta.co\/co\/?post_type=product&#038;p=1500"},"modified":"2024-01-05T01:47:45","modified_gmt":"2024-01-05T00:47:45","slug":"vinilo-decorativo-de-arbol-con-corazones","status":"publish","type":"product","link":"https:\/\/arkanta.co\/co\/tienda-online\/vinilo-decorativo-de-arbol-con-corazones\/","title":{"rendered":"Vinilo Decorativo de \u00c1rbol con Corazones"},"content":{"rendered":"<p><strong>Incluye:<\/strong> 1 set HEART TREE (Ref: V0238) + Gu\u00eda de instalaci\u00f3n. <\/p>\n<p><strong>Colores de la referencia: <\/strong>Negro, rojo, plata.<\/p>\n<p>&nbsp;<\/p>\n<p>Vinilo adhesivo de acabado mate, disponible en 29 colores. Puedes <em>personalizar<\/em> <em>el tama\u00f1o como prefieras.<\/em>.<\/p>\n<p> De <a href=\"https:\/\/b.link\/CIUV\" target=\"_blank\" rel=\"noopener\">f&aacute;cil instalaci&oacute;n<\/a>, es posible colocarlo en cualquier tipo de superficie lisa, excepto sobre pinturas aceitosas. Mantiene sus caracter\u00edsticas, incluso en paredes soleadas. Puedes desinstalarlo de forma f\u00e1cil.<\/p>\n<p>Env\u00edo (terrestre) gratis a nivel nacional para todos los productos de la tienda. Realiza tus pagos de forma segura a trav\u00e9s de Mercado pago.<\/p>\n<p> Nuestros vinilos son fabricados en Colombia y est\u00e1n garantizados por defectos de fabricaci\u00f3n o piezas faltantes durante 1 a\u00f1o. Ofrecemos 15 d\u00edas de retractaci\u00f3n, por lo que puedes devolver el producto si no te ha convencido (aplican condiciones).<\/p>\n","protected":false},"excerpt":{"rendered":"<p>Vinilo adhesivo Heart Tree. Delicado dise\u00f1o floral que incluye la silueta un frondoso \u00e1rbol lleno de corazones. Es un elemento decorativo perfecto para la decoraci\u00f3n del hogar de quienes disfrutan del romanticismo y de la magia del amor. Es una pieza que acompa\u00f1a muy bien la decoraci\u00f3n de habitaciones de adultos, salas y comedores. <\/p>\n<p>Este exclusivo dise\u00f1o va muy bien en la ambientaci\u00f3n de restaurantes, joyer\u00edas, tiendas de ropa femenina, salas de espera de spas para parejas, florister\u00edas, caf\u00e9s, bares, recepci\u00f3n de hoteles, peluquer\u00edas y centros de est\u00e9tica.<\/p>\n","protected":false},"featured_media":1541,"comment_status":"open","ping_status":"closed","template":"","meta":{"_acf_changed":false,"_et_pb_use_builder":"","_et_pb_old_content":"","_et_gb_content_width":"","content-type":""},"product_brand":[],"product_cat":[17,18,36],"product_tag":[20,21,22,24],"class_list":{"0":"post-1500","1":"product","2":"type-product","3":"status-publish","4":"has-post-thumbnail","6":"product_cat-decoracion-de-paredes","7":"product_cat-vinilos-decorativos-de-pared","8":"product_cat-vinilos-florales","9":"product_tag-decoracion-de-comedores","10":"product_tag-decoracion-de-cuartos","11":"product_tag-decoracion-de-estudios-y-oficinas","12":"product_tag-decoracion-de-salas","14":"first","15":"instock","16":"taxable","17":"shipping-taxable","18":"purchasable","19":"product-type-variable"},"acf":[],"_links":{"self":[{"href":"https:\/\/arkanta.co\/co\/wp-json\/wp\/v2\/product\/1500","targetHints":{"allow":["GET"]}}],"collection":[{"href":"https:\/\/arkanta.co\/co\/wp-json\/wp\/v2\/product"}],"about":[{"href":"https:\/\/arkanta.co\/co\/wp-json\/wp\/v2\/types\/product"}],"replies":[{"embeddable":true,"href":"https:\/\/arkanta.co\/co\/wp-json\/wp\/v2\/comments?post=1500"}],"wp:featuredmedia":[{"embeddable":true,"href":"https:\/\/arkanta.co\/co\/wp-json\/wp\/v2\/media\/1541"}],"wp:attachment":[{"href":"https:\/\/arkanta.co\/co\/wp-json\/wp\/v2\/media?parent=1500"}],"wp:term":[{"taxonomy":"product_brand","embeddable":true,"href":"https:\/\/arkanta.co\/co\/wp-json\/wp\/v2\/product_brand?post=1500"},{"taxonomy":"product_cat","embeddable":true,"href":"https:\/\/arkanta.co\/co\/wp-json\/wp\/v2\/product_cat?post=1500"},{"taxonomy":"product_tag","embeddable":true,"href":"https:\/\/arkanta.co\/co\/wp-json\/wp\/v2\/product_tag?post=1500"}],"curies":[{"name":"wp","href":"https:\/\/api.w.org\/{rel}","templated":true}]}}