{"id":1486,"date":"2024-01-05T01:45:40","date_gmt":"2024-01-05T00:45:40","guid":{"rendered":"https:\/\/arkanta.co\/co\/?post_type=product&#038;p=1486"},"modified":"2024-01-05T01:46:17","modified_gmt":"2024-01-05T00:46:17","slug":"vinilo-planificador-semanal-en-pizarra","status":"publish","type":"product","link":"https:\/\/arkanta.co\/co\/tienda-online\/vinilo-planificador-semanal-en-pizarra\/","title":{"rendered":"Vinilo Planificador Semanal en Pizarra"},"content":{"rendered":"<p><strong>Incluye:<\/strong> 1 set CHALK WEEK PLANNER (Ref: V0231) + Gu\u00eda de instalaci\u00f3n. <\/p>\n<p><strong>Medidas: <\/strong>115 x 65 cm (ancho x alto) <\/p>\n<p><strong>Color de la referencia: <\/strong>Pizarra.<\/p>\n<p>&nbsp;<\/p>\n<p>Vinilo adhesivo de acabado mate. Puedes <em>personalizar<\/em> <em>el tama\u00f1o como prefieras.<\/em>.<\/p>\n<p> De <a href=\"https:\/\/b.link\/CIUV\" target=\"_blank\" rel=\"noopener\">f&aacute;cil instalaci&oacute;n<\/a>, es posible colocarlo en cualquier tipo de superficie lisa, excepto sobre pinturas aceitosas. Mantiene sus caracter\u00edsticas, incluso en paredes soleadas. Puedes desinstalarlo de forma f\u00e1cil.<\/p>\n<p>Env\u00edo (terrestre) gratis a nivel nacional para todos los productos de la tienda. Realiza tus pagos de forma segura a trav\u00e9s de Mercado pago.<\/p>\n<p> Nuestros vinilos son fabricados en Colombia y est\u00e1n garantizados por defectos de fabricaci\u00f3n o piezas faltantes durante 1 a\u00f1o. Ofrecemos 15 d\u00edas de retractaci\u00f3n, por lo que puedes devolver el producto si no te ha convencido (aplican condiciones).<\/p>\n","protected":false},"excerpt":{"rendered":"<p>Vinilo adhesivo Pizarra Chalk Week Planner. Este dise\u00f1o tipo tablero o pizarra adhesiva incluye la frase: \u00abEsta semana\u00bb y un campo destinado para cada d\u00eda de la semana en el que puedes escribir con tiza todos tus pendientes. Esta pizarra adhesiva es ideal para organizar tus tareas. Te ayuda a planificar tu semana y gestionar tu tiempo. Es un dise\u00f1o que va muy bien en la decoraci\u00f3n de espacios home office, estudios y oficinas o habitaciones para adolescentes.<\/p>\n<p>Este dise\u00f1o de pizarra adhesiva va genial en la ambientaci\u00f3n de oficinas o \u00e1reas de coworking, funcionan perfecto para dar a conocer promociones o eventos importantes en la recepci\u00f3n de hoteles, hostales y restaurantes.<\/p>\n","protected":false},"featured_media":1518,"comment_status":"open","ping_status":"closed","template":"","meta":{"_acf_changed":false,"_et_pb_use_builder":"","_et_pb_old_content":"","_et_gb_content_width":"","content-type":""},"product_brand":[],"product_cat":[17,60,18,52],"product_tag":[22,23],"class_list":{"0":"post-1486","1":"product","2":"type-product","3":"status-publish","4":"has-post-thumbnail","6":"product_cat-decoracion-de-paredes","7":"product_cat-vinilos-de-pizarras","8":"product_cat-vinilos-decorativos-de-pared","9":"product_cat-vinilos-educativos","10":"product_tag-decoracion-de-estudios-y-oficinas","11":"product_tag-decoracion-de-habitaciones-juveniles","13":"first","14":"instock","15":"taxable","16":"shipping-taxable","17":"purchasable","18":"product-type-simple"},"acf":[],"_links":{"self":[{"href":"https:\/\/arkanta.co\/co\/wp-json\/wp\/v2\/product\/1486","targetHints":{"allow":["GET"]}}],"collection":[{"href":"https:\/\/arkanta.co\/co\/wp-json\/wp\/v2\/product"}],"about":[{"href":"https:\/\/arkanta.co\/co\/wp-json\/wp\/v2\/types\/product"}],"replies":[{"embeddable":true,"href":"https:\/\/arkanta.co\/co\/wp-json\/wp\/v2\/comments?post=1486"}],"wp:featuredmedia":[{"embeddable":true,"href":"https:\/\/arkanta.co\/co\/wp-json\/wp\/v2\/media\/1518"}],"wp:attachment":[{"href":"https:\/\/arkanta.co\/co\/wp-json\/wp\/v2\/media?parent=1486"}],"wp:term":[{"taxonomy":"product_brand","embeddable":true,"href":"https:\/\/arkanta.co\/co\/wp-json\/wp\/v2\/product_brand?post=1486"},{"taxonomy":"product_cat","embeddable":true,"href":"https:\/\/arkanta.co\/co\/wp-json\/wp\/v2\/product_cat?post=1486"},{"taxonomy":"product_tag","embeddable":true,"href":"https:\/\/arkanta.co\/co\/wp-json\/wp\/v2\/product_tag?post=1486"}],"curies":[{"name":"wp","href":"https:\/\/api.w.org\/{rel}","templated":true}]}}