{"id":1467,"date":"2024-01-05T01:45:39","date_gmt":"2024-01-05T00:45:39","guid":{"rendered":"https:\/\/arkanta.co\/co\/?post_type=product&#038;p=1467"},"modified":"2024-01-05T01:45:56","modified_gmt":"2024-01-05T00:45:56","slug":"vinilo-infantil-de-mapamundi-animal","status":"publish","type":"product","link":"https:\/\/arkanta.co\/co\/tienda-online\/vinilo-infantil-de-mapamundi-animal\/","title":{"rendered":"Vinilo Infantil de Mapamundi Animal"},"content":{"rendered":"<p><strong>Incluye:<\/strong> 1 set ANIMALS WORLD (Ref: V0224) + Gu\u00eda de instalaci\u00f3n. <\/p>\n<p><strong>Medidas: <\/strong>177 x 112 cm (ancho x alto) <\/p>\n<p><strong>Colores de la referencia: <\/strong>Naranja claro, gris oscuro.<\/p>\n<p>&nbsp;<\/p>\n<p>Vinilo adhesivo de acabado mate, disponible en 29 colores. Puedes <em>personalizar<\/em> <em>el tama\u00f1o como prefieras.<\/em>.<\/p>\n<p> De <a href=\"https:\/\/b.link\/CIUV\" target=\"_blank\" rel=\"noopener\">f&aacute;cil instalaci&oacute;n<\/a>, es posible colocarlo en cualquier tipo de superficie lisa, excepto sobre pinturas aceitosas. Mantiene sus caracter\u00edsticas, incluso en paredes soleadas. Puedes desinstalarlo de forma f\u00e1cil.<\/p>\n<p>Env\u00edo (terrestre) gratis a nivel nacional para todos los productos de la tienda. Realiza tus pagos de forma segura a trav\u00e9s de Mercado pago.<\/p>\n<p> Nuestros vinilos son fabricados en Colombia y est\u00e1n garantizados por defectos de fabricaci\u00f3n o piezas faltantes durante 1 a\u00f1o. Ofrecemos 15 d\u00edas de retractaci\u00f3n, por lo que puedes devolver el producto si no te ha convencido (aplican condiciones).<\/p>\n","protected":false},"excerpt":{"rendered":"<p>Vinilo adhesivo Animals World. Esta moderna y minimalista versi\u00f3n de mapamundi animal, incluye varias piezas de animales: Ballenas, osos, \u00e1guilas, canguros, camellos, serpientes, entre otras m\u00e1s. Las figuras de los animales vienen por separado, as\u00ed que con ayuda de tus hijos puedes colocarlos donde prefieras. Es un dise\u00f1o moderno con el que crear\u00e1s un ambiente en su habitaci\u00f3n con el que estimular\u00e1s el aprendizaje de tus hijos.<\/p>\n<p>Este vinilo va perfecto en la decoraci\u00f3n de jardines infantiles, colegios, guarder\u00edas, \u00e1reas de estudio, bibliotecas, salones de juego, locales comerciales tem\u00e1ticos, tiendas de ropa y accesorios infantiles.<\/p>\n","protected":false},"featured_media":1494,"comment_status":"open","ping_status":"closed","template":"","meta":{"_acf_changed":false,"_et_pb_use_builder":"","_et_pb_old_content":"","_et_gb_content_width":"","content-type":""},"product_brand":[],"product_cat":[17,34,39,18,37,52,53],"product_tag":[28,29,30,31],"class_list":{"0":"post-1467","1":"product","2":"type-product","3":"status-publish","4":"has-post-thumbnail","6":"product_cat-decoracion-de-paredes","7":"product_cat-vinilos-de-animales","8":"product_cat-vinilos-decorativos-de-mapamundis-infantiles","9":"product_cat-vinilos-decorativos-de-pared","10":"product_cat-vinilos-decorativos-infantiles","11":"product_cat-vinilos-educativos","12":"product_cat-vinilos-para-jardines-infantiles","13":"product_tag-decoracion-infantil","14":"product_tag-decoracion-para-cuarto-de-bebe","15":"product_tag-decoracion-para-ninas","16":"product_tag-decoracion-para-ninos-varones","18":"first","19":"instock","20":"taxable","21":"shipping-taxable","22":"purchasable","23":"product-type-simple"},"acf":[],"_links":{"self":[{"href":"https:\/\/arkanta.co\/co\/wp-json\/wp\/v2\/product\/1467","targetHints":{"allow":["GET"]}}],"collection":[{"href":"https:\/\/arkanta.co\/co\/wp-json\/wp\/v2\/product"}],"about":[{"href":"https:\/\/arkanta.co\/co\/wp-json\/wp\/v2\/types\/product"}],"replies":[{"embeddable":true,"href":"https:\/\/arkanta.co\/co\/wp-json\/wp\/v2\/comments?post=1467"}],"wp:featuredmedia":[{"embeddable":true,"href":"https:\/\/arkanta.co\/co\/wp-json\/wp\/v2\/media\/1494"}],"wp:attachment":[{"href":"https:\/\/arkanta.co\/co\/wp-json\/wp\/v2\/media?parent=1467"}],"wp:term":[{"taxonomy":"product_brand","embeddable":true,"href":"https:\/\/arkanta.co\/co\/wp-json\/wp\/v2\/product_brand?post=1467"},{"taxonomy":"product_cat","embeddable":true,"href":"https:\/\/arkanta.co\/co\/wp-json\/wp\/v2\/product_cat?post=1467"},{"taxonomy":"product_tag","embeddable":true,"href":"https:\/\/arkanta.co\/co\/wp-json\/wp\/v2\/product_tag?post=1467"}],"curies":[{"name":"wp","href":"https:\/\/api.w.org\/{rel}","templated":true}]}}