{"id":1460,"date":"2024-01-05T01:45:38","date_gmt":"2024-01-05T00:45:38","guid":{"rendered":"https:\/\/arkanta.co\/co\/?post_type=product&#038;p=1460"},"modified":"2024-01-05T01:46:26","modified_gmt":"2024-01-05T00:46:26","slug":"planificador-mensual-en-pizarra","status":"publish","type":"product","link":"https:\/\/arkanta.co\/co\/tienda-online\/planificador-mensual-en-pizarra\/","title":{"rendered":"Planificador Mensual en Pizarra"},"content":{"rendered":"<p><strong>Incluye:<\/strong> 1 set CHALK MONTH PLANNER (Ref: V0230) + Gu\u00eda de instalaci\u00f3n. <\/p>\n<p><strong>Color de la referencia: <\/strong>Pizarra.<\/p>\n<p>&nbsp;<\/p>\n<p>Vinilo adhesivo de acabado mate. Puedes <em>personalizar<\/em> <em>el tama\u00f1o como prefieras.<\/em>.<\/p>\n<p> De <a href=\"https:\/\/b.link\/CIUV\" target=\"_blank\" rel=\"noopener\">f&aacute;cil instalaci&oacute;n<\/a>, es posible colocarlo en cualquier tipo de superficie lisa, excepto sobre pinturas aceitosas. Mantiene sus caracter\u00edsticas, incluso en paredes soleadas. Puedes desinstalarlo de forma f\u00e1cil.<\/p>\n<p>Env\u00edo (terrestre) gratis a nivel nacional para todos los productos de la tienda. Realiza tus pagos de forma segura a trav\u00e9s de Mercado pago.<\/p>\n<p> Nuestros vinilos son fabricados en Colombia y est\u00e1n garantizados por defectos de fabricaci\u00f3n o piezas faltantes durante 1 a\u00f1o. Ofrecemos 15 d\u00edas de retractaci\u00f3n, por lo que puedes devolver el producto si no te ha convencido (aplican condiciones).<\/p>\n","protected":false},"excerpt":{"rendered":"<p>Vinilo adhesivo Pizarra Chalk Month Planner. Moderno y novedoso dise\u00f1o tipo tablero adhesivo o pizarra negra. Incluye espacios destinados para escribir con tiza y organizar las tareas para cada d\u00eda del mes. Esta pizarra adhesiva funciona genial como planificador mensual de todas tus tareas y pendientes; de igual manera es un elemento decorativo para espacios home office, adaptable como organizador mensual permitiendo gestionar mejor tu tiempo y productividad al trabajar desde casa. Es un dise\u00f1o que va muy bien en la decoraci\u00f3n de estudios y oficinas o habitaciones para adolescentes.<\/p>\n<p>Esta pizarra adhesiva acompa\u00f1a muy bien la ambientaci\u00f3n de oficinas o \u00e1reas de coworking, funcionan genial para organizar eventos importantes de hoteles, hostales y restaurantes.<\/p>\n","protected":false},"featured_media":1492,"comment_status":"open","ping_status":"closed","template":"","meta":{"_acf_changed":false,"_et_pb_use_builder":"","_et_pb_old_content":"","_et_gb_content_width":"","content-type":""},"product_brand":[],"product_cat":[17,60,18],"product_tag":[22,23],"class_list":{"0":"post-1460","1":"product","2":"type-product","3":"status-publish","4":"has-post-thumbnail","6":"product_cat-decoracion-de-paredes","7":"product_cat-vinilos-de-pizarras","8":"product_cat-vinilos-decorativos-de-pared","9":"product_tag-decoracion-de-estudios-y-oficinas","10":"product_tag-decoracion-de-habitaciones-juveniles","12":"first","13":"instock","14":"taxable","15":"shipping-taxable","16":"purchasable","17":"product-type-variable"},"acf":[],"_links":{"self":[{"href":"https:\/\/arkanta.co\/co\/wp-json\/wp\/v2\/product\/1460","targetHints":{"allow":["GET"]}}],"collection":[{"href":"https:\/\/arkanta.co\/co\/wp-json\/wp\/v2\/product"}],"about":[{"href":"https:\/\/arkanta.co\/co\/wp-json\/wp\/v2\/types\/product"}],"replies":[{"embeddable":true,"href":"https:\/\/arkanta.co\/co\/wp-json\/wp\/v2\/comments?post=1460"}],"wp:featuredmedia":[{"embeddable":true,"href":"https:\/\/arkanta.co\/co\/wp-json\/wp\/v2\/media\/1492"}],"wp:attachment":[{"href":"https:\/\/arkanta.co\/co\/wp-json\/wp\/v2\/media?parent=1460"}],"wp:term":[{"taxonomy":"product_brand","embeddable":true,"href":"https:\/\/arkanta.co\/co\/wp-json\/wp\/v2\/product_brand?post=1460"},{"taxonomy":"product_cat","embeddable":true,"href":"https:\/\/arkanta.co\/co\/wp-json\/wp\/v2\/product_cat?post=1460"},{"taxonomy":"product_tag","embeddable":true,"href":"https:\/\/arkanta.co\/co\/wp-json\/wp\/v2\/product_tag?post=1460"}],"curies":[{"name":"wp","href":"https:\/\/api.w.org\/{rel}","templated":true}]}}