{"id":1459,"date":"2024-01-05T01:45:38","date_gmt":"2024-01-05T00:45:38","guid":{"rendered":"https:\/\/arkanta.co\/co\/?post_type=product&#038;p=1459"},"modified":"2024-01-05T01:46:26","modified_gmt":"2024-01-05T00:46:26","slug":"vinilo-decorativo-infantil-de-casa-arbol","status":"publish","type":"product","link":"https:\/\/arkanta.co\/co\/tienda-online\/vinilo-decorativo-infantil-de-casa-arbol\/","title":{"rendered":"Vinilo Decorativo Infantil de Casa \u00c1rbol"},"content":{"rendered":"<p><strong>Incluye:<\/strong> 1 set HOUSE TREE (Ref: V0227) + Gu\u00eda de instalaci\u00f3n. <\/p>\n<p><strong>Color de la referencia: <\/strong>Azul oscuro.<\/p>\n<p>&nbsp;<\/p>\n<p>Vinilo adhesivo de acabado mate, disponible en 29 colores. Puedes <em>personalizar<\/em> <em>el tama\u00f1o como prefieras.<\/em>.<\/p>\n<p> De <a href=\"https:\/\/b.link\/CIUV\" target=\"_blank\" rel=\"noopener\">f&aacute;cil instalaci&oacute;n<\/a>, es posible colocarlo en cualquier tipo de superficie lisa, excepto sobre pinturas aceitosas. Mantiene sus caracter\u00edsticas, incluso en paredes soleadas. Puedes desinstalarlo de forma f\u00e1cil.<\/p>\n<p>Env\u00edo (terrestre) gratis a nivel nacional para todos los productos de la tienda. Realiza tus pagos de forma segura a trav\u00e9s de Mercado pago.<\/p>\n<p> Nuestros vinilos son fabricados en Colombia y est\u00e1n garantizados por defectos de fabricaci\u00f3n o piezas faltantes durante 1 a\u00f1o. Ofrecemos 15 d\u00edas de retractaci\u00f3n, por lo que puedes devolver el producto si no te ha convencido (aplican condiciones).<\/p>\n","protected":false},"excerpt":{"rendered":"<p>Vinilo adhesivo House Tree. Este hermoso y delicado vinilo decorativo infantil es una versi\u00f3n creativa y diferente de la tradicional casa del \u00e1rbol, incluye la silueta de varias estrellas, b\u00fahos, faroles, p\u00e1jaros y un robusto \u00e1rbol de manzanas. Esta pieza est\u00e1 pensada para decorar la habitaci\u00f3n del beb\u00e9 y habitaciones infantiles, es perfecta para incentivar la imaginaci\u00f3n e ingenio de los ni\u00f1os.<\/p>\n<p>Este vinilo va muy bien en la decoraci\u00f3n de jardines infantiles, colegios, guarder\u00edas, \u00e1reas de estudio, salones de juego, consultorios m\u00e9dicos y pedi\u00e1tricos, jugueter\u00edas, tiendas de ropa y accesorios infantiles.<\/p>\n","protected":false},"featured_media":1490,"comment_status":"open","ping_status":"closed","template":"","meta":{"_acf_changed":false,"_et_pb_use_builder":"","_et_pb_old_content":"","_et_gb_content_width":"","content-type":""},"product_brand":[],"product_cat":[17,18,37,54,53],"product_tag":[28,29,30,31],"class_list":{"0":"post-1459","1":"product","2":"type-product","3":"status-publish","4":"has-post-thumbnail","6":"product_cat-decoracion-de-paredes","7":"product_cat-vinilos-decorativos-de-pared","8":"product_cat-vinilos-decorativos-infantiles","9":"product_cat-vinilos-decorativos-para-bebes","10":"product_cat-vinilos-para-jardines-infantiles","11":"product_tag-decoracion-infantil","12":"product_tag-decoracion-para-cuarto-de-bebe","13":"product_tag-decoracion-para-ninas","14":"product_tag-decoracion-para-ninos-varones","16":"first","17":"instock","18":"taxable","19":"shipping-taxable","20":"purchasable","21":"product-type-variable"},"acf":[],"_links":{"self":[{"href":"https:\/\/arkanta.co\/co\/wp-json\/wp\/v2\/product\/1459","targetHints":{"allow":["GET"]}}],"collection":[{"href":"https:\/\/arkanta.co\/co\/wp-json\/wp\/v2\/product"}],"about":[{"href":"https:\/\/arkanta.co\/co\/wp-json\/wp\/v2\/types\/product"}],"replies":[{"embeddable":true,"href":"https:\/\/arkanta.co\/co\/wp-json\/wp\/v2\/comments?post=1459"}],"wp:featuredmedia":[{"embeddable":true,"href":"https:\/\/arkanta.co\/co\/wp-json\/wp\/v2\/media\/1490"}],"wp:attachment":[{"href":"https:\/\/arkanta.co\/co\/wp-json\/wp\/v2\/media?parent=1459"}],"wp:term":[{"taxonomy":"product_brand","embeddable":true,"href":"https:\/\/arkanta.co\/co\/wp-json\/wp\/v2\/product_brand?post=1459"},{"taxonomy":"product_cat","embeddable":true,"href":"https:\/\/arkanta.co\/co\/wp-json\/wp\/v2\/product_cat?post=1459"},{"taxonomy":"product_tag","embeddable":true,"href":"https:\/\/arkanta.co\/co\/wp-json\/wp\/v2\/product_tag?post=1459"}],"curies":[{"name":"wp","href":"https:\/\/api.w.org\/{rel}","templated":true}]}}