{"id":1458,"date":"2024-01-05T01:45:38","date_gmt":"2024-01-05T00:45:38","guid":{"rendered":"https:\/\/arkanta.co\/co\/?post_type=product&#038;p=1458"},"modified":"2024-01-05T01:46:01","modified_gmt":"2024-01-05T00:46:01","slug":"vinilo-decorativo-mano-de-fatima","status":"publish","type":"product","link":"https:\/\/arkanta.co\/co\/tienda-online\/vinilo-decorativo-mano-de-fatima\/","title":{"rendered":"Vinilo Decorativo Mano de Fatima"},"content":{"rendered":"<p><strong>Incluye:<\/strong> 1 set HAMSA (Ref: V0225) + Gu\u00eda de instalaci\u00f3n. <\/p>\n<p><strong>Color de la referencia: <\/strong>Plata.<\/p>\n<p>&nbsp;<\/p>\n<p>Vinilo adhesivo de acabado mate, disponible en 29 colores. Puedes <em>personalizar<\/em> <em>el tama\u00f1o como prefieras.<\/em>.<\/p>\n<p> De <a href=\"https:\/\/b.link\/CIUV\" target=\"_blank\" rel=\"noopener\">f&aacute;cil instalaci&oacute;n<\/a>, es posible colocarlo en cualquier tipo de superficie lisa, excepto sobre pinturas aceitosas. Mantiene sus caracter\u00edsticas, incluso en paredes soleadas. Puedes desinstalarlo de forma f\u00e1cil.<\/p>\n<p>Env\u00edo (terrestre) gratis a nivel nacional para todos los productos de la tienda. Realiza tus pagos de forma segura a trav\u00e9s de Mercado pago.<\/p>\n<p> Nuestros vinilos son fabricados en Colombia y est\u00e1n garantizados por defectos de fabricaci\u00f3n o piezas faltantes durante 1 a\u00f1o. Ofrecemos 15 d\u00edas de retractaci\u00f3n, por lo que puedes devolver el producto si no te ha convencido (aplican condiciones).<\/p>\n","protected":false},"excerpt":{"rendered":"<p>Vinilo adhesivo Hamsa. Esta pieza inspirada en la mano de f\u00e1tima o tambi\u00e9n conocida como Hamsa o Jamsa, es un s\u00edmbolo de protecci\u00f3n, fortuna y espiritualidad en la ambientaci\u00f3n del hogar. Este s\u00edmbolo ha sido adoptado por distintas religiones alrededor del mundo, todas coinciden en representar esta mano como una mano divina, una mujer santa. Acompa\u00f1a muy bien la decoraci\u00f3n de habitaciones principales, salas, comedores o para decorar zonas de meditaci\u00f3n en tu casa.<\/p>\n<p>Puedes utilizar este vinilo decorativo para enriquecer energ\u00e9ticamente el dise\u00f1o en la decoraci\u00f3n de centros comerciales como tiendas de accesorios y ropa femenina, centros de pilates o yoga, spas, restaurantes o tiendas de art\u00edculos hind\u00fa.<\/p>\n","protected":false},"featured_media":1488,"comment_status":"open","ping_status":"closed","template":"","meta":{"_acf_changed":false,"_et_pb_use_builder":"","_et_pb_old_content":"","_et_gb_content_width":"","content-type":""},"product_brand":[],"product_cat":[17,51,18],"product_tag":[20,21,22,23,24],"class_list":{"0":"post-1458","1":"product","2":"type-product","3":"status-publish","4":"has-post-thumbnail","6":"product_cat-decoracion-de-paredes","7":"product_cat-vinilos-de-mandalas","8":"product_cat-vinilos-decorativos-de-pared","9":"product_tag-decoracion-de-comedores","10":"product_tag-decoracion-de-cuartos","11":"product_tag-decoracion-de-estudios-y-oficinas","12":"product_tag-decoracion-de-habitaciones-juveniles","13":"product_tag-decoracion-de-salas","15":"first","16":"instock","17":"taxable","18":"shipping-taxable","19":"purchasable","20":"product-type-variable"},"acf":[],"_links":{"self":[{"href":"https:\/\/arkanta.co\/co\/wp-json\/wp\/v2\/product\/1458","targetHints":{"allow":["GET"]}}],"collection":[{"href":"https:\/\/arkanta.co\/co\/wp-json\/wp\/v2\/product"}],"about":[{"href":"https:\/\/arkanta.co\/co\/wp-json\/wp\/v2\/types\/product"}],"replies":[{"embeddable":true,"href":"https:\/\/arkanta.co\/co\/wp-json\/wp\/v2\/comments?post=1458"}],"wp:featuredmedia":[{"embeddable":true,"href":"https:\/\/arkanta.co\/co\/wp-json\/wp\/v2\/media\/1488"}],"wp:attachment":[{"href":"https:\/\/arkanta.co\/co\/wp-json\/wp\/v2\/media?parent=1458"}],"wp:term":[{"taxonomy":"product_brand","embeddable":true,"href":"https:\/\/arkanta.co\/co\/wp-json\/wp\/v2\/product_brand?post=1458"},{"taxonomy":"product_cat","embeddable":true,"href":"https:\/\/arkanta.co\/co\/wp-json\/wp\/v2\/product_cat?post=1458"},{"taxonomy":"product_tag","embeddable":true,"href":"https:\/\/arkanta.co\/co\/wp-json\/wp\/v2\/product_tag?post=1458"}],"curies":[{"name":"wp","href":"https:\/\/api.w.org\/{rel}","templated":true}]}}