{"id":1416,"date":"2024-01-05T01:44:57","date_gmt":"2024-01-05T00:44:57","guid":{"rendered":"https:\/\/arkanta.co\/co\/?post_type=product&#038;p=1416"},"modified":"2024-01-05T01:45:29","modified_gmt":"2024-01-05T00:45:29","slug":"vinilo-educativo-de-dinosaurios","status":"publish","type":"product","link":"https:\/\/arkanta.co\/co\/tienda-online\/vinilo-educativo-de-dinosaurios\/","title":{"rendered":"Vinilo Educativo de Dinosaurios"},"content":{"rendered":"<p><strong>Incluye:<\/strong> 1 set DINO LIST (Ref: V0217) + Gu\u00eda de instalaci\u00f3n. <\/p>\n<p><strong>Medidas: <\/strong>120 x 57 cm (ancho x alto) <\/p>\n<p><strong>Colores de la referencia: <\/strong>Gris oscuro, verde oscuro, azul zafiro.<\/p>\n<p>&nbsp;<\/p>\n<p>Vinilo adhesivo de acabado mate, disponible en 29 colores. Puedes <em>personalizar<\/em> <em>el tama\u00f1o como prefieras.<\/em>.<\/p>\n<p> De <a href=\"https:\/\/b.link\/CIUV\" target=\"_blank\" rel=\"noopener\">f&aacute;cil instalaci&oacute;n<\/a>, es posible colocarlo en cualquier tipo de superficie lisa, excepto sobre pinturas aceitosas. Mantiene sus caracter\u00edsticas, incluso en paredes soleadas. Puedes desinstalarlo de forma f\u00e1cil.<\/p>\n<p>Env\u00edo (terrestre) gratis a nivel nacional para todos los productos de la tienda. Realiza tus pagos de forma segura a trav\u00e9s de Mercado pago.<\/p>\n<p> Nuestros vinilos son fabricados en Colombia y est\u00e1n garantizados por defectos de fabricaci\u00f3n o piezas faltantes durante 1 a\u00f1o. Ofrecemos 15 d\u00edas de retractaci\u00f3n, por lo que puedes devolver el producto si no te ha convencido (aplican condiciones).<\/p>\n","protected":false},"excerpt":{"rendered":"<p>Vinilo adhesivo Dino List. Este vinilo educativo infantil incluye la ilustraci\u00f3n de varios dinosaurios: Stegosaurus, Apatosaurus, Velociraptor, Triceratops, Tyrannosaurus, entre otros. Este dise\u00f1o es perfecto para estimular el aprendizaje, la curiosidad y memoria de tu hijo, puedes utilizarlo para acompa\u00f1ar la decoraci\u00f3n de \u00e1reas de estudio y habitaciones infantiles.<\/p>\n<p>Este vinilo decorativo es ideal para decorar jardines infantiles, salones de clase, bibliotecas, consultorios pedi\u00e1tricos, \u00e1reas de juego, parques tem\u00e1ticos, colegios, restaurantes con tem\u00e1tica espacial, tiendas de ropa infantil y jugueter\u00edas.<\/p>\n","protected":false},"featured_media":1454,"comment_status":"open","ping_status":"closed","template":"","meta":{"_acf_changed":false,"_et_pb_use_builder":"","_et_pb_old_content":"","_et_gb_content_width":"","content-type":""},"product_brand":[],"product_cat":[17,58,18,37,52,53],"product_tag":[28,29,30,31],"class_list":{"0":"post-1416","1":"product","2":"type-product","3":"status-publish","4":"has-post-thumbnail","6":"product_cat-decoracion-de-paredes","7":"product_cat-vinilos-de-dinosaurios","8":"product_cat-vinilos-decorativos-de-pared","9":"product_cat-vinilos-decorativos-infantiles","10":"product_cat-vinilos-educativos","11":"product_cat-vinilos-para-jardines-infantiles","12":"product_tag-decoracion-infantil","13":"product_tag-decoracion-para-cuarto-de-bebe","14":"product_tag-decoracion-para-ninas","15":"product_tag-decoracion-para-ninos-varones","17":"first","18":"instock","19":"taxable","20":"shipping-taxable","21":"purchasable","22":"product-type-simple"},"acf":[],"_links":{"self":[{"href":"https:\/\/arkanta.co\/co\/wp-json\/wp\/v2\/product\/1416","targetHints":{"allow":["GET"]}}],"collection":[{"href":"https:\/\/arkanta.co\/co\/wp-json\/wp\/v2\/product"}],"about":[{"href":"https:\/\/arkanta.co\/co\/wp-json\/wp\/v2\/types\/product"}],"replies":[{"embeddable":true,"href":"https:\/\/arkanta.co\/co\/wp-json\/wp\/v2\/comments?post=1416"}],"wp:featuredmedia":[{"embeddable":true,"href":"https:\/\/arkanta.co\/co\/wp-json\/wp\/v2\/media\/1454"}],"wp:attachment":[{"href":"https:\/\/arkanta.co\/co\/wp-json\/wp\/v2\/media?parent=1416"}],"wp:term":[{"taxonomy":"product_brand","embeddable":true,"href":"https:\/\/arkanta.co\/co\/wp-json\/wp\/v2\/product_brand?post=1416"},{"taxonomy":"product_cat","embeddable":true,"href":"https:\/\/arkanta.co\/co\/wp-json\/wp\/v2\/product_cat?post=1416"},{"taxonomy":"product_tag","embeddable":true,"href":"https:\/\/arkanta.co\/co\/wp-json\/wp\/v2\/product_tag?post=1416"}],"curies":[{"name":"wp","href":"https:\/\/api.w.org\/{rel}","templated":true}]}}