{"id":1378,"date":"2024-01-05T01:03:08","date_gmt":"2024-01-05T00:03:08","guid":{"rendered":"https:\/\/arkanta.co\/co\/?post_type=product&#038;p=1378"},"modified":"2024-01-05T01:03:30","modified_gmt":"2024-01-05T00:03:30","slug":"vinilo-decorativo-game-over","status":"publish","type":"product","link":"https:\/\/arkanta.co\/co\/tienda-online\/vinilo-decorativo-game-over\/","title":{"rendered":"Vinilo Decorativo Game Over"},"content":{"rendered":"<p><strong>Incluye:<\/strong> 1 set GAME OVER (Ref: V0211) + Gu\u00eda de instalaci\u00f3n. <\/p>\n<p><strong>Medidas: <\/strong>80 x 111 cm (ancho x alto) <\/p>\n<p><strong>Colores de la referencia: <\/strong>Negro, naranja claro.<\/p>\n<p>&nbsp;<\/p>\n<p>Vinilo adhesivo de acabado mate, disponible en 29 colores. Puedes <em>personalizar<\/em> <em>los textos y el tama\u00f1o como prefieras<\/em>. <\/p>\n<p> De <a href=\"https:\/\/b.link\/CIUV\" target=\"_blank\" rel=\"noopener\">f&aacute;cil instalaci&oacute;n<\/a>, es posible colocarlo en cualquier tipo de superficie lisa, excepto sobre pinturas aceitosas. Mantiene sus caracter\u00edsticas, incluso en paredes soleadas. Puedes desinstalarlo de forma f\u00e1cil.<\/p>\n<p>Env\u00edo (terrestre) gratis a nivel nacional para todos los productos de la tienda. Realiza tus pagos de forma segura a trav\u00e9s de Mercado pago.<\/p>\n<p> Nuestros vinilos son fabricados en Colombia y est\u00e1n garantizados por defectos de fabricaci\u00f3n o piezas faltantes durante 1 a\u00f1o. Ofrecemos 15 d\u00edas de retractaci\u00f3n, por lo que puedes devolver el producto si no te ha convencido (aplican condiciones).<\/p>\n","protected":false},"excerpt":{"rendered":"<p>Vinilo adhesivo Game Over. Este vinilo decorativo incluye el dise\u00f1o del cl\u00e1sico control de videojuegos y el texto \u00abGame Over\u00bb en tipograf\u00eda retro gaming. Es una pieza que un verdadero gamer deber\u00eda tener en su hogar. Es ideal para decorar habitaciones de adolescentes, infantiles y \u00e1reas de juego. <\/p>\n<p>Es un vinilo decorativo ideal para acompa\u00f1ar la decoraci\u00f3n de tiendas de videojuegos, tiendas de ropa juvenil, restaurantes tem\u00e1ticos y de \u00e1reas de descanso en oficinas o espacios de coworking.<\/p>\n","protected":false},"featured_media":1409,"comment_status":"open","ping_status":"closed","template":"","meta":{"_acf_changed":false,"_et_pb_use_builder":"","_et_pb_old_content":"","_et_gb_content_width":"","content-type":""},"product_brand":[],"product_cat":[17,18,33],"product_tag":[20,21,24],"class_list":{"0":"post-1378","1":"product","2":"type-product","3":"status-publish","4":"has-post-thumbnail","6":"product_cat-decoracion-de-paredes","7":"product_cat-vinilos-decorativos-de-pared","8":"product_cat-vinilos-trendy","9":"product_tag-decoracion-de-comedores","10":"product_tag-decoracion-de-cuartos","11":"product_tag-decoracion-de-salas","13":"first","14":"instock","15":"taxable","16":"shipping-taxable","17":"purchasable","18":"product-type-simple"},"acf":[],"_links":{"self":[{"href":"https:\/\/arkanta.co\/co\/wp-json\/wp\/v2\/product\/1378","targetHints":{"allow":["GET"]}}],"collection":[{"href":"https:\/\/arkanta.co\/co\/wp-json\/wp\/v2\/product"}],"about":[{"href":"https:\/\/arkanta.co\/co\/wp-json\/wp\/v2\/types\/product"}],"replies":[{"embeddable":true,"href":"https:\/\/arkanta.co\/co\/wp-json\/wp\/v2\/comments?post=1378"}],"wp:featuredmedia":[{"embeddable":true,"href":"https:\/\/arkanta.co\/co\/wp-json\/wp\/v2\/media\/1409"}],"wp:attachment":[{"href":"https:\/\/arkanta.co\/co\/wp-json\/wp\/v2\/media?parent=1378"}],"wp:term":[{"taxonomy":"product_brand","embeddable":true,"href":"https:\/\/arkanta.co\/co\/wp-json\/wp\/v2\/product_brand?post=1378"},{"taxonomy":"product_cat","embeddable":true,"href":"https:\/\/arkanta.co\/co\/wp-json\/wp\/v2\/product_cat?post=1378"},{"taxonomy":"product_tag","embeddable":true,"href":"https:\/\/arkanta.co\/co\/wp-json\/wp\/v2\/product_tag?post=1378"}],"curies":[{"name":"wp","href":"https:\/\/api.w.org\/{rel}","templated":true}]}}