{"id":1377,"date":"2024-01-05T01:03:08","date_gmt":"2024-01-05T00:03:08","guid":{"rendered":"https:\/\/arkanta.co\/co\/?post_type=product&#038;p=1377"},"modified":"2024-01-05T01:03:25","modified_gmt":"2024-01-05T00:03:25","slug":"vinilo-decorativo-de-pescados-y-plantas-marinas","status":"publish","type":"product","link":"https:\/\/arkanta.co\/co\/tienda-online\/vinilo-decorativo-de-pescados-y-plantas-marinas\/","title":{"rendered":"Vinilo Decorativo de Pescados y Plantas Marinas"},"content":{"rendered":"<p><strong>Incluye:<\/strong> 1 set FISH BATH (Ref: V0210) + Gu\u00eda de instalaci\u00f3n. <\/p>\n<p><strong>Medidas: <\/strong>120 x 94 cm (ancho x alto) <\/p>\n<p><strong>Colores de la referencia: <\/strong>Turquesa, menta, azul zafiro, azul medio.<\/p>\n<p>&nbsp;<\/p>\n<p>Vinilo adhesivo de acabado mate, disponible en 29 colores. Puedes <em>personalizar<\/em> <em>el tama\u00f1o como prefieras.<\/em>.<\/p>\n<p> De <a href=\"https:\/\/b.link\/CIUV\" target=\"_blank\" rel=\"noopener\">f&aacute;cil instalaci&oacute;n<\/a>, es posible colocarlo en cualquier tipo de superficie lisa, excepto sobre pinturas aceitosas. Mantiene sus caracter\u00edsticas, incluso en paredes soleadas. Puedes desinstalarlo de forma f\u00e1cil.<\/p>\n<p>Env\u00edo (terrestre) gratis a nivel nacional para todos los productos de la tienda. Realiza tus pagos de forma segura a trav\u00e9s de Mercado pago.<\/p>\n<p> Nuestros vinilos son fabricados en Colombia y est\u00e1n garantizados por defectos de fabricaci\u00f3n o piezas faltantes durante 1 a\u00f1o. Ofrecemos 15 d\u00edas de retractaci\u00f3n, por lo que puedes devolver el producto si no te ha convencido (aplican condiciones).<\/p>\n","protected":false},"excerpt":{"rendered":"<p>Vinilo adhesivo Fish Bath. Es un dise\u00f1o sencillo y fresco de tiernos pescados y plantas marinas. Si el mejor plan para tus hijos es nadar y estar en la playa, est\u00e1 sin duda ellos lo amar\u00e1n. Es ideal para acompa\u00f1ar la decoraci\u00f3n de ba\u00f1os y habitaciones infantiles. <\/p>\n<p>Puedes utilizar este dise\u00f1o en la decoraci\u00f3n de ba\u00f1os y salones de jardines infantiles, zonas de juego, consultorios pedi\u00e1tricos, restaurantes tem\u00e1ticos, tiendas de ropa infantil para playa, hoteles y tiendas de juguetes infantiles.<\/p>\n","protected":false},"featured_media":1407,"comment_status":"open","ping_status":"closed","template":"","meta":{"_acf_changed":false,"_et_pb_use_builder":"","_et_pb_old_content":"","_et_gb_content_width":"","content-type":""},"product_brand":[],"product_cat":[17,18,33],"product_tag":[20,21,24],"class_list":{"0":"post-1377","1":"product","2":"type-product","3":"status-publish","4":"has-post-thumbnail","6":"product_cat-decoracion-de-paredes","7":"product_cat-vinilos-decorativos-de-pared","8":"product_cat-vinilos-trendy","9":"product_tag-decoracion-de-comedores","10":"product_tag-decoracion-de-cuartos","11":"product_tag-decoracion-de-salas","13":"first","14":"instock","15":"taxable","16":"shipping-taxable","17":"purchasable","18":"product-type-simple"},"acf":[],"_links":{"self":[{"href":"https:\/\/arkanta.co\/co\/wp-json\/wp\/v2\/product\/1377","targetHints":{"allow":["GET"]}}],"collection":[{"href":"https:\/\/arkanta.co\/co\/wp-json\/wp\/v2\/product"}],"about":[{"href":"https:\/\/arkanta.co\/co\/wp-json\/wp\/v2\/types\/product"}],"replies":[{"embeddable":true,"href":"https:\/\/arkanta.co\/co\/wp-json\/wp\/v2\/comments?post=1377"}],"wp:featuredmedia":[{"embeddable":true,"href":"https:\/\/arkanta.co\/co\/wp-json\/wp\/v2\/media\/1407"}],"wp:attachment":[{"href":"https:\/\/arkanta.co\/co\/wp-json\/wp\/v2\/media?parent=1377"}],"wp:term":[{"taxonomy":"product_brand","embeddable":true,"href":"https:\/\/arkanta.co\/co\/wp-json\/wp\/v2\/product_brand?post=1377"},{"taxonomy":"product_cat","embeddable":true,"href":"https:\/\/arkanta.co\/co\/wp-json\/wp\/v2\/product_cat?post=1377"},{"taxonomy":"product_tag","embeddable":true,"href":"https:\/\/arkanta.co\/co\/wp-json\/wp\/v2\/product_tag?post=1377"}],"curies":[{"name":"wp","href":"https:\/\/api.w.org\/{rel}","templated":true}]}}