{"id":1342,"date":"2024-01-05T01:02:41","date_gmt":"2024-01-05T00:02:41","guid":{"rendered":"https:\/\/arkanta.co\/co\/?post_type=product&#038;p=1342"},"modified":"2024-01-05T01:02:59","modified_gmt":"2024-01-05T00:02:59","slug":"vinilo-de-texto-feliz-navidad","status":"publish","type":"product","link":"https:\/\/arkanta.co\/co\/tienda-online\/vinilo-de-texto-feliz-navidad\/","title":{"rendered":"Vinilo de Texto Feliz Navidad"},"content":{"rendered":"<p><strong>Incluye:<\/strong> 1 set FELIZ NAVIDAD (Ref: V0205) + Gu\u00eda de instalaci\u00f3n. <\/p>\n<p><strong>Color de la referencia: <\/strong>Blanco.<\/p>\n<p>&nbsp;<\/p>\n<p>Vinilo adhesivo de acabado mate, disponible en 29 colores. Puedes <em>personalizar<\/em> <em>el tama\u00f1o como prefieras.<\/em>.<\/p>\n<p> De <a href=\"https:\/\/b.link\/CIUV\" target=\"_blank\" rel=\"noopener\">f&aacute;cil instalaci&oacute;n<\/a>, es posible colocarlo en cualquier tipo de superficie lisa, excepto sobre pinturas aceitosas. Mantiene sus caracter\u00edsticas, incluso en paredes soleadas. Puedes desinstalarlo de forma f\u00e1cil.<\/p>\n<p>Env\u00edo (terrestre) gratis a nivel nacional para todos los productos de la tienda. Realiza tus pagos de forma segura a trav\u00e9s de Mercado pago.<\/p>\n<p> Nuestros vinilos son fabricados en Colombia y est\u00e1n garantizados por defectos de fabricaci\u00f3n o piezas faltantes durante 1 a\u00f1o. Ofrecemos 15 d\u00edas de retractaci\u00f3n, por lo que puedes devolver el producto si no te ha convencido (aplican condiciones).<\/p>\n","protected":false},"excerpt":{"rendered":"<p>Vinilo adhesivo de texto Feliz Navidad. Este dise\u00f1o est\u00e1 elaborado especialmente para transmitir por medio de su tipograf\u00eda y la ilustraci\u00f3n de varios copos de nieve, toda la magia de esta \u00e9poca navide\u00f1a. Es ideal para decorar tu hogar en estas fechas navide\u00f1as y de reuniones familiares, se ajusta perfecto para la decoraci\u00f3n de salas, comedores y \u00e1reas de estudio. <\/p>\n<p>Este vinilo es perfecto para acompa\u00f1ar la decoraci\u00f3n de vitrinas, escaparates y tiendas en esta temporada navide\u00f1a. Funciona perfecto para \u00e1reas comerciales de todo tipo: restaurantes, librer\u00edas, caf\u00e9s, tiendas de ropa o accesorios, academias y hoteles.<\/p>\n","protected":false},"featured_media":1368,"comment_status":"open","ping_status":"closed","template":"","meta":{"_acf_changed":false,"_et_pb_use_builder":"","_et_pb_old_content":"","_et_gb_content_width":"","content-type":""},"product_brand":[],"product_cat":[17,56,59,18,33],"product_tag":[20,24],"class_list":{"0":"post-1342","1":"product","2":"type-product","3":"status-publish","4":"has-post-thumbnail","6":"product_cat-decoracion-de-paredes","7":"product_cat-pegatinas-de-navidad","8":"product_cat-vinilo-frosted","9":"product_cat-vinilos-decorativos-de-pared","10":"product_cat-vinilos-trendy","11":"product_tag-decoracion-de-comedores","12":"product_tag-decoracion-de-salas","14":"first","15":"outofstock","16":"taxable","17":"shipping-taxable","18":"product-type-variable"},"acf":[],"_links":{"self":[{"href":"https:\/\/arkanta.co\/co\/wp-json\/wp\/v2\/product\/1342","targetHints":{"allow":["GET"]}}],"collection":[{"href":"https:\/\/arkanta.co\/co\/wp-json\/wp\/v2\/product"}],"about":[{"href":"https:\/\/arkanta.co\/co\/wp-json\/wp\/v2\/types\/product"}],"replies":[{"embeddable":true,"href":"https:\/\/arkanta.co\/co\/wp-json\/wp\/v2\/comments?post=1342"}],"wp:featuredmedia":[{"embeddable":true,"href":"https:\/\/arkanta.co\/co\/wp-json\/wp\/v2\/media\/1368"}],"wp:attachment":[{"href":"https:\/\/arkanta.co\/co\/wp-json\/wp\/v2\/media?parent=1342"}],"wp:term":[{"taxonomy":"product_brand","embeddable":true,"href":"https:\/\/arkanta.co\/co\/wp-json\/wp\/v2\/product_brand?post=1342"},{"taxonomy":"product_cat","embeddable":true,"href":"https:\/\/arkanta.co\/co\/wp-json\/wp\/v2\/product_cat?post=1342"},{"taxonomy":"product_tag","embeddable":true,"href":"https:\/\/arkanta.co\/co\/wp-json\/wp\/v2\/product_tag?post=1342"}],"curies":[{"name":"wp","href":"https:\/\/api.w.org\/{rel}","templated":true}]}}