{"id":1324,"date":"2024-01-05T01:02:16","date_gmt":"2024-01-05T00:02:16","guid":{"rendered":"https:\/\/arkanta.co\/co\/?post_type=product&#038;p=1324"},"modified":"2024-01-05T01:03:30","modified_gmt":"2024-01-05T00:03:30","slug":"vinilo-dinosaurios-era-mesozoica","status":"publish","type":"product","link":"https:\/\/arkanta.co\/co\/tienda-online\/vinilo-dinosaurios-era-mesozoica\/","title":{"rendered":"Vinilo Dinosaurios Era Mesozoica"},"content":{"rendered":"<p><strong>Incluye:<\/strong> 1 set ERA MESOZOICA (Ref: V0209) + Gu\u00eda de instalaci\u00f3n. <\/p>\n<p><strong>Color de la referencia: <\/strong>Impresi\u00f3n multicolor.<\/p>\n<p>&nbsp;<\/p>\n<p>Fotomural adhesivo de acabado mate. Puedes <em>personalizar<\/em> <em>el tama\u00f1o como prefieras.<\/em>.<\/p>\n<p> De <a href=\"https:\/\/b.link\/CIUV\" target=\"_blank\" rel=\"noopener\">f&aacute;cil instalaci&oacute;n<\/a>, es posible colocarlo en cualquier tipo de superficie lisa, excepto sobre pinturas aceitosas. Mantiene sus caracter\u00edsticas, incluso en paredes soleadas. Puedes desinstalarlo de forma f\u00e1cil.<\/p>\n<p>Env\u00edo (terrestre) gratis a nivel nacional para todos los productos de la tienda. Realiza tus pagos de forma segura a trav\u00e9s de Mercado pago.<\/p>\n<p> Nuestros vinilos son fabricados en Colombia y est\u00e1n garantizados por defectos de fabricaci\u00f3n o piezas faltantes durante 1 a\u00f1o. Ofrecemos 15 d\u00edas de retractaci\u00f3n, por lo que puedes devolver el producto si no te ha convencido (aplican condiciones).<\/p>\n","protected":false},"excerpt":{"rendered":"<p>Vinilo adhesivo tipo fotomural Era Mesozoica. Este vinilo educativo incluye la fotograf\u00eda de varios dinosaurios: Triceratops, brachiosaurus, quetzalcoatlus, entre otros. El realismo y detalles de esta pieza, sin duda har\u00e1 que todos los ni\u00f1os quieran tenerlo en su habitaci\u00f3n. Es ideal para estimular la creatividad, imaginaci\u00f3n y el aprendizaje de tu hijo, es perfecto para decorar \u00e1reas de estudio y habitaciones infantiles.<\/p>\n<p>Este fotomural es perfecto para acompa\u00f1ar la decoraci\u00f3n de jardines infantiles, salones de clase, bibliotecas, consultorios pedi\u00e1tricos, peque\u00f1os museos o parques tem\u00e1ticos, colegios, restaurantes con tem\u00e1tica espacial, tiendas de ropa infantil y juguetes infantiles.<\/p>\n","protected":false},"featured_media":1366,"comment_status":"open","ping_status":"closed","template":"","meta":{"_acf_changed":false,"_et_pb_use_builder":"","_et_pb_old_content":"","_et_gb_content_width":"","content-type":""},"product_brand":[],"product_cat":[17,25,34,58,18,37,52,53],"product_tag":[28,31],"class_list":{"0":"post-1324","1":"product","2":"type-product","3":"status-publish","4":"has-post-thumbnail","6":"product_cat-decoracion-de-paredes","7":"product_cat-fotomurales","8":"product_cat-vinilos-de-animales","9":"product_cat-vinilos-de-dinosaurios","10":"product_cat-vinilos-decorativos-de-pared","11":"product_cat-vinilos-decorativos-infantiles","12":"product_cat-vinilos-educativos","13":"product_cat-vinilos-para-jardines-infantiles","14":"product_tag-decoracion-infantil","15":"product_tag-decoracion-para-ninos-varones","17":"first","18":"instock","19":"taxable","20":"shipping-taxable","21":"purchasable","22":"product-type-variable"},"acf":[],"_links":{"self":[{"href":"https:\/\/arkanta.co\/co\/wp-json\/wp\/v2\/product\/1324","targetHints":{"allow":["GET"]}}],"collection":[{"href":"https:\/\/arkanta.co\/co\/wp-json\/wp\/v2\/product"}],"about":[{"href":"https:\/\/arkanta.co\/co\/wp-json\/wp\/v2\/types\/product"}],"replies":[{"embeddable":true,"href":"https:\/\/arkanta.co\/co\/wp-json\/wp\/v2\/comments?post=1324"}],"wp:featuredmedia":[{"embeddable":true,"href":"https:\/\/arkanta.co\/co\/wp-json\/wp\/v2\/media\/1366"}],"wp:attachment":[{"href":"https:\/\/arkanta.co\/co\/wp-json\/wp\/v2\/media?parent=1324"}],"wp:term":[{"taxonomy":"product_brand","embeddable":true,"href":"https:\/\/arkanta.co\/co\/wp-json\/wp\/v2\/product_brand?post=1324"},{"taxonomy":"product_cat","embeddable":true,"href":"https:\/\/arkanta.co\/co\/wp-json\/wp\/v2\/product_cat?post=1324"},{"taxonomy":"product_tag","embeddable":true,"href":"https:\/\/arkanta.co\/co\/wp-json\/wp\/v2\/product_tag?post=1324"}],"curies":[{"name":"wp","href":"https:\/\/api.w.org\/{rel}","templated":true}]}}