{"id":1321,"date":"2024-01-05T01:02:16","date_gmt":"2024-01-05T00:02:16","guid":{"rendered":"https:\/\/arkanta.co\/co\/?post_type=product&#038;p=1321"},"modified":"2024-01-05T01:03:05","modified_gmt":"2024-01-05T00:03:05","slug":"vinilo-navideno-copos-de-nieve","status":"publish","type":"product","link":"https:\/\/arkanta.co\/co\/tienda-online\/vinilo-navideno-copos-de-nieve\/","title":{"rendered":"Vinilo Navide\u00f1o Copos de Nieve"},"content":{"rendered":"<p><strong>Incluye:<\/strong> 1 set CHRISTMAS FLAKES (Ref: V0206) + Gu\u00eda de instalaci\u00f3n. <\/p>\n<p><strong>Color de la referencia: <\/strong>Blanco.<\/p>\n<p>&nbsp;<\/p>\n<p>Vinilo adhesivo de acabado mate, disponible en 29 colores. Puedes <em>personalizar<\/em> <em>el tama\u00f1o como prefieras.<\/em>.<\/p>\n<p> De <a href=\"https:\/\/b.link\/CIUV\" target=\"_blank\" rel=\"noopener\">f&aacute;cil instalaci&oacute;n<\/a>, es posible colocarlo en cualquier tipo de superficie lisa, excepto sobre pinturas aceitosas. Mantiene sus caracter\u00edsticas, incluso en paredes soleadas. Puedes desinstalarlo de forma f\u00e1cil.<\/p>\n<p>Env\u00edo (terrestre) gratis a nivel nacional para todos los productos de la tienda. Realiza tus pagos de forma segura a trav\u00e9s de Mercado pago.<\/p>\n<p> Nuestros vinilos son fabricados en Colombia y est\u00e1n garantizados por defectos de fabricaci\u00f3n o piezas faltantes durante 1 a\u00f1o. Ofrecemos 15 d\u00edas de retractaci\u00f3n, por lo que puedes devolver el producto si no te ha convencido (aplican condiciones).<\/p>\n","protected":false},"excerpt":{"rendered":"<p>Vinilo adhesivo Christmas Flakes. Es una hermosa composici\u00f3n de varios copos de nieve en diferentes tama\u00f1os, es perfecta para traer toda la magia de la navidad a la decoraci\u00f3n de tu casa, acompa\u00f1a muy bien la decoraci\u00f3n de salas, comedores y \u00e1reas de estudio. <\/p>\n<p>Es ideal para decorar vitrinas, escaparates y tiendas en esta temporada navide\u00f1a. Aplica perfecto para \u00e1reas comerciales de todo tipo: restaurantes, librer\u00edas, caf\u00e9s, tiendas de ropa o accesorios, academias y hoteles.<\/p>\n","protected":false},"featured_media":1337,"comment_status":"open","ping_status":"closed","template":"","meta":{"_acf_changed":false,"_et_pb_use_builder":"","_et_pb_old_content":"","_et_gb_content_width":"","content-type":""},"product_brand":[],"product_cat":[17,56,18,57],"product_tag":[20,24],"class_list":{"0":"post-1321","1":"product","2":"type-product","3":"status-publish","4":"has-post-thumbnail","6":"product_cat-decoracion-de-paredes","7":"product_cat-pegatinas-de-navidad","8":"product_cat-vinilos-decorativos-de-pared","9":"product_cat-vinilos-para-ventanas","10":"product_tag-decoracion-de-comedores","11":"product_tag-decoracion-de-salas","13":"first","14":"instock","15":"taxable","16":"shipping-taxable","17":"purchasable","18":"product-type-variable"},"acf":[],"_links":{"self":[{"href":"https:\/\/arkanta.co\/co\/wp-json\/wp\/v2\/product\/1321","targetHints":{"allow":["GET"]}}],"collection":[{"href":"https:\/\/arkanta.co\/co\/wp-json\/wp\/v2\/product"}],"about":[{"href":"https:\/\/arkanta.co\/co\/wp-json\/wp\/v2\/types\/product"}],"replies":[{"embeddable":true,"href":"https:\/\/arkanta.co\/co\/wp-json\/wp\/v2\/comments?post=1321"}],"wp:featuredmedia":[{"embeddable":true,"href":"https:\/\/arkanta.co\/co\/wp-json\/wp\/v2\/media\/1337"}],"wp:attachment":[{"href":"https:\/\/arkanta.co\/co\/wp-json\/wp\/v2\/media?parent=1321"}],"wp:term":[{"taxonomy":"product_brand","embeddable":true,"href":"https:\/\/arkanta.co\/co\/wp-json\/wp\/v2\/product_brand?post=1321"},{"taxonomy":"product_cat","embeddable":true,"href":"https:\/\/arkanta.co\/co\/wp-json\/wp\/v2\/product_cat?post=1321"},{"taxonomy":"product_tag","embeddable":true,"href":"https:\/\/arkanta.co\/co\/wp-json\/wp\/v2\/product_tag?post=1321"}],"curies":[{"name":"wp","href":"https:\/\/api.w.org\/{rel}","templated":true}]}}