{"id":1302,"date":"2024-01-05T01:02:15","date_gmt":"2024-01-05T00:02:15","guid":{"rendered":"https:\/\/arkanta.co\/co\/?post_type=product&#038;p=1302"},"modified":"2024-01-05T01:03:05","modified_gmt":"2024-01-05T00:03:05","slug":"vinilo-decorativo-de-texto-revenge","status":"publish","type":"product","link":"https:\/\/arkanta.co\/co\/tienda-online\/vinilo-decorativo-de-texto-revenge\/","title":{"rendered":"Vinilo decorativo de Texto Revenge"},"content":{"rendered":"<p><strong>Incluye:<\/strong> 1 set REVENGE (Ref: V0203) + Gu\u00eda de instalaci\u00f3n. <\/p>\n<p><strong>Color de la referencia: <\/strong>Negro.<\/p>\n<p>&nbsp;<\/p>\n<p>Vinilo adhesivo de acabado mate, disponible en 29 colores. Puedes <em>personalizar<\/em> <em>el tama\u00f1o como prefieras.<\/em>.<\/p>\n<p> De <a href=\"https:\/\/b.link\/CIUV\" target=\"_blank\" rel=\"noopener\">f&aacute;cil instalaci&oacute;n<\/a>, es posible colocarlo en cualquier tipo de superficie lisa, excepto sobre pinturas aceitosas. Mantiene sus caracter\u00edsticas, incluso en paredes soleadas. Puedes desinstalarlo de forma f\u00e1cil.<\/p>\n<p>Env\u00edo (terrestre) gratis a nivel nacional para todos los productos de la tienda. Realiza tus pagos de forma segura a trav\u00e9s de Mercado pago.<\/p>\n<p> Nuestros vinilos son fabricados en Colombia y est\u00e1n garantizados por defectos de fabricaci\u00f3n o piezas faltantes durante 1 a\u00f1o. Ofrecemos 15 d\u00edas de retractaci\u00f3n, por lo que puedes devolver el producto si no te ha convencido (aplican condiciones).<\/p>\n","protected":false},"excerpt":{"rendered":"<p>Vinilo adhesivo de texto Revenge. Esta pieza trendy est\u00e1 inspirada en la escenograf\u00eda de la pel\u00edcula Animales Nocturnos, del director Tom Ford, su dise\u00f1o tipogr\u00e1fico en negativo le da un toque moderno a su composici\u00f3n. Es perfecta para darle un aire enigm\u00e1tico y cinematogr\u00e1fico a la decoraci\u00f3n de habitaciones principales o de adolescentes, salas y comedores.<\/p>\n<p>Es un dise\u00f1o ideal para acompa\u00f1ar la decoraci\u00f3n de academias teatrales o de bellas artes, caf\u00e9s tem\u00e1ticos o tiendas de accesorios y ropa juvenil.<\/p>\n","protected":false},"featured_media":1333,"comment_status":"open","ping_status":"closed","template":"","meta":{"_acf_changed":false,"_et_pb_use_builder":"","_et_pb_old_content":"","_et_gb_content_width":"","content-type":""},"product_brand":[],"product_cat":[17,19,18],"product_tag":[21,22,23],"class_list":{"0":"post-1302","1":"product","2":"type-product","3":"status-publish","4":"has-post-thumbnail","6":"product_cat-decoracion-de-paredes","7":"product_cat-textos-y-frases","8":"product_cat-vinilos-decorativos-de-pared","9":"product_tag-decoracion-de-cuartos","10":"product_tag-decoracion-de-estudios-y-oficinas","11":"product_tag-decoracion-de-habitaciones-juveniles","13":"first","14":"instock","15":"taxable","16":"shipping-taxable","17":"purchasable","18":"product-type-variable"},"acf":[],"_links":{"self":[{"href":"https:\/\/arkanta.co\/co\/wp-json\/wp\/v2\/product\/1302","targetHints":{"allow":["GET"]}}],"collection":[{"href":"https:\/\/arkanta.co\/co\/wp-json\/wp\/v2\/product"}],"about":[{"href":"https:\/\/arkanta.co\/co\/wp-json\/wp\/v2\/types\/product"}],"replies":[{"embeddable":true,"href":"https:\/\/arkanta.co\/co\/wp-json\/wp\/v2\/comments?post=1302"}],"wp:featuredmedia":[{"embeddable":true,"href":"https:\/\/arkanta.co\/co\/wp-json\/wp\/v2\/media\/1333"}],"wp:attachment":[{"href":"https:\/\/arkanta.co\/co\/wp-json\/wp\/v2\/media?parent=1302"}],"wp:term":[{"taxonomy":"product_brand","embeddable":true,"href":"https:\/\/arkanta.co\/co\/wp-json\/wp\/v2\/product_brand?post=1302"},{"taxonomy":"product_cat","embeddable":true,"href":"https:\/\/arkanta.co\/co\/wp-json\/wp\/v2\/product_cat?post=1302"},{"taxonomy":"product_tag","embeddable":true,"href":"https:\/\/arkanta.co\/co\/wp-json\/wp\/v2\/product_tag?post=1302"}],"curies":[{"name":"wp","href":"https:\/\/api.w.org\/{rel}","templated":true}]}}