{"id":1180,"date":"2024-01-05T01:00:38","date_gmt":"2024-01-05T00:00:38","guid":{"rendered":"https:\/\/arkanta.co\/co\/?post_type=product&#038;p=1180"},"modified":"2024-01-05T01:01:57","modified_gmt":"2024-01-05T00:01:57","slug":"vinilo-decorativo-de-texto-sonrie","status":"publish","type":"product","link":"https:\/\/arkanta.co\/co\/tienda-online\/vinilo-decorativo-de-texto-sonrie\/","title":{"rendered":"Vinilo Decorativo de Texto Sonr\u00ede"},"content":{"rendered":"<p><strong>Incluye:<\/strong> 1 set SONR\u00cdE (Ref: V0188) + Gu\u00eda de instalaci\u00f3n. <\/p>\n<p><strong>Color de la referencia: <\/strong>Negro.<\/p>\n<p>&nbsp;<\/p>\n<p>Vinilo adhesivo de acabado mate, disponible en 29 colores. Puedes <em>personalizar<\/em> <em>los textos y el tama\u00f1o como prefieras<\/em>. <\/p>\n<p> De <a href=\"https:\/\/b.link\/CIUV\" target=\"_blank\" rel=\"noopener\">f&aacute;cil instalaci&oacute;n<\/a>, es posible colocarlo en cualquier tipo de superficie lisa, excepto sobre pinturas aceitosas. Mantiene sus caracter\u00edsticas, incluso en paredes soleadas. Puedes desinstalarlo de forma f\u00e1cil.<\/p>\n<p>Env\u00edo (terrestre) gratis a nivel nacional para todos los productos de la tienda. Realiza tus pagos de forma segura a trav\u00e9s de Mercado pago.<\/p>\n<p> Nuestros vinilos son fabricados en Colombia y est\u00e1n garantizados por defectos de fabricaci\u00f3n o piezas faltantes durante 1 a\u00f1o. Ofrecemos 15 d\u00edas de retractaci\u00f3n, por lo que puedes devolver el producto si no te ha convencido (aplican condiciones).<\/p>\n","protected":false},"excerpt":{"rendered":"<p>Vinilo adhesivo con texto en hermosa fuente cursiva, acompa\u00f1ado de golondrinas que le dan un toque rom\u00e1ntico e inspiracional. La frase \u201cSonr\u00ede que la vida vuela\u201d es un mensaje motivador, el cual alegrar\u00e1 el d\u00eda de quien lo lea. Colocarlo en la habitaci\u00f3n es una forma de decorar y hacer m\u00e1s placentero el levantarse cada d\u00eda.<\/p>\n<p>Puedes colocarlo en la sala, en el comedor, en la cocina o en un ba\u00f1o y llenar de positividad los espacios. Decorar espacios de trabajo como oficinas o estudios con este vinilo es tambi\u00e9n una forma de mantenerte motivado. Y si prefieres un mensaje diferente, cuentas con la posibilidad de solicitarlo en este dise\u00f1o. 2<\/p>\n","protected":false},"featured_media":1190,"comment_status":"open","ping_status":"closed","template":"","meta":{"_acf_changed":false,"_et_pb_use_builder":"","_et_pb_old_content":"","_et_gb_content_width":"","content-type":""},"product_brand":[],"product_cat":[17,19,18],"product_tag":[20,21,22,24],"class_list":{"0":"post-1180","1":"product","2":"type-product","3":"status-publish","4":"has-post-thumbnail","6":"product_cat-decoracion-de-paredes","7":"product_cat-textos-y-frases","8":"product_cat-vinilos-decorativos-de-pared","9":"product_tag-decoracion-de-comedores","10":"product_tag-decoracion-de-cuartos","11":"product_tag-decoracion-de-estudios-y-oficinas","12":"product_tag-decoracion-de-salas","14":"first","15":"instock","16":"taxable","17":"shipping-taxable","18":"purchasable","19":"product-type-variable"},"acf":[],"_links":{"self":[{"href":"https:\/\/arkanta.co\/co\/wp-json\/wp\/v2\/product\/1180","targetHints":{"allow":["GET"]}}],"collection":[{"href":"https:\/\/arkanta.co\/co\/wp-json\/wp\/v2\/product"}],"about":[{"href":"https:\/\/arkanta.co\/co\/wp-json\/wp\/v2\/types\/product"}],"replies":[{"embeddable":true,"href":"https:\/\/arkanta.co\/co\/wp-json\/wp\/v2\/comments?post=1180"}],"wp:featuredmedia":[{"embeddable":true,"href":"https:\/\/arkanta.co\/co\/wp-json\/wp\/v2\/media\/1190"}],"wp:attachment":[{"href":"https:\/\/arkanta.co\/co\/wp-json\/wp\/v2\/media?parent=1180"}],"wp:term":[{"taxonomy":"product_brand","embeddable":true,"href":"https:\/\/arkanta.co\/co\/wp-json\/wp\/v2\/product_brand?post=1180"},{"taxonomy":"product_cat","embeddable":true,"href":"https:\/\/arkanta.co\/co\/wp-json\/wp\/v2\/product_cat?post=1180"},{"taxonomy":"product_tag","embeddable":true,"href":"https:\/\/arkanta.co\/co\/wp-json\/wp\/v2\/product_tag?post=1180"}],"curies":[{"name":"wp","href":"https:\/\/api.w.org\/{rel}","templated":true}]}}