{"id":1128,"date":"2024-01-05T00:59:51","date_gmt":"2024-01-04T23:59:51","guid":{"rendered":"https:\/\/arkanta.co\/co\/?post_type=product&#038;p=1128"},"modified":"2024-01-05T01:00:10","modified_gmt":"2024-01-05T00:00:10","slug":"vinilo-decorativo-fashion","status":"publish","type":"product","link":"https:\/\/arkanta.co\/co\/tienda-online\/vinilo-decorativo-fashion\/","title":{"rendered":"Vinilo Decorativo Fashion"},"content":{"rendered":"<p><strong>Incluye:<\/strong> 1 set FASHION (Ref: V0176) + Gu\u00eda de instalaci\u00f3n. <\/p>\n<p><strong>Medidas: <\/strong>60 x 83 cm (ancho x alto) <\/p>\n<p><strong>Colores de la referencia: <\/strong>Negro, rojo.<\/p>\n<p>&nbsp;<\/p>\n<p>Vinilo adhesivo de acabado mate, disponible en 29 colores. Puedes <em>personalizar<\/em> <em>el tama\u00f1o como prefieras.<\/em>.<\/p>\n<p> De <a href=\"https:\/\/b.link\/CIUV\" target=\"_blank\" rel=\"noopener\">f&aacute;cil instalaci&oacute;n<\/a>, es posible colocarlo en cualquier tipo de superficie lisa, excepto sobre pinturas aceitosas. Mantiene sus caracter\u00edsticas, incluso en paredes soleadas. Puedes desinstalarlo de forma f\u00e1cil.<\/p>\n<p>Env\u00edo (terrestre) gratis a nivel nacional para todos los productos de la tienda. Realiza tus pagos de forma segura a trav\u00e9s de Mercado pago.<\/p>\n<p> Nuestros vinilos son fabricados en Colombia y est\u00e1n garantizados por defectos de fabricaci\u00f3n o piezas faltantes durante 1 a\u00f1o. Ofrecemos 15 d\u00edas de retractaci\u00f3n, por lo que puedes devolver el producto si no te ha convencido (aplican condiciones).<\/p>\n","protected":false},"excerpt":{"rendered":"<p>Vinilo decorativo pensado para quienes se desenvuelven en el \u00e1mbito de la moda y para aquellos a quienes les apasiona este mundo. Este vinilo adhesivo lleva la elegante silueta de una estilizada mujer que carga una gran sombrilla, acompa\u00f1ada de la palabra FASHION. La combinaci\u00f3n de rojo y negro le da el toque que hace especial a esta pieza. Aunque puedes elegir otras tonalidades, incluso metalizados. <\/p>\n<p>Dise\u00f1adores o estudiantes de dise\u00f1o puedes colocar este vinilo en sus estudios o espacios de trabajo. De igual forma es la pieza perfecta para decorar una tienda de ropa femenina o un taller de confecci\u00f3n.<\/p>\n","protected":false},"featured_media":1138,"comment_status":"open","ping_status":"closed","template":"","meta":{"_acf_changed":false,"_et_pb_use_builder":"","_et_pb_old_content":"","_et_gb_content_width":"","content-type":""},"product_brand":[],"product_cat":[17,19,18,33],"product_tag":[22,23],"class_list":{"0":"post-1128","1":"product","2":"type-product","3":"status-publish","4":"has-post-thumbnail","6":"product_cat-decoracion-de-paredes","7":"product_cat-textos-y-frases","8":"product_cat-vinilos-decorativos-de-pared","9":"product_cat-vinilos-trendy","10":"product_tag-decoracion-de-estudios-y-oficinas","11":"product_tag-decoracion-de-habitaciones-juveniles","13":"first","14":"instock","15":"taxable","16":"shipping-taxable","17":"purchasable","18":"product-type-simple"},"acf":[],"_links":{"self":[{"href":"https:\/\/arkanta.co\/co\/wp-json\/wp\/v2\/product\/1128","targetHints":{"allow":["GET"]}}],"collection":[{"href":"https:\/\/arkanta.co\/co\/wp-json\/wp\/v2\/product"}],"about":[{"href":"https:\/\/arkanta.co\/co\/wp-json\/wp\/v2\/types\/product"}],"replies":[{"embeddable":true,"href":"https:\/\/arkanta.co\/co\/wp-json\/wp\/v2\/comments?post=1128"}],"wp:featuredmedia":[{"embeddable":true,"href":"https:\/\/arkanta.co\/co\/wp-json\/wp\/v2\/media\/1138"}],"wp:attachment":[{"href":"https:\/\/arkanta.co\/co\/wp-json\/wp\/v2\/media?parent=1128"}],"wp:term":[{"taxonomy":"product_brand","embeddable":true,"href":"https:\/\/arkanta.co\/co\/wp-json\/wp\/v2\/product_brand?post=1128"},{"taxonomy":"product_cat","embeddable":true,"href":"https:\/\/arkanta.co\/co\/wp-json\/wp\/v2\/product_cat?post=1128"},{"taxonomy":"product_tag","embeddable":true,"href":"https:\/\/arkanta.co\/co\/wp-json\/wp\/v2\/product_tag?post=1128"}],"curies":[{"name":"wp","href":"https:\/\/api.w.org\/{rel}","templated":true}]}}