{"id":1115,"date":"2024-01-05T00:59:50","date_gmt":"2024-01-04T23:59:50","guid":{"rendered":"https:\/\/arkanta.co\/co\/?post_type=product&#038;p=1115"},"modified":"2024-01-05T00:59:56","modified_gmt":"2024-01-04T23:59:56","slug":"vinilo-decorativo-infantil-motivacional","status":"publish","type":"product","link":"https:\/\/arkanta.co\/co\/tienda-online\/vinilo-decorativo-infantil-motivacional\/","title":{"rendered":"Vinilo decorativo infantil motivacional"},"content":{"rendered":"<p><strong>Incluye:<\/strong> 1 set BE YOURSELF (Ref: V0171) + Gu\u00eda de instalaci\u00f3n. <\/p>\n<p><strong>Medidas: <\/strong>70 x 90 cm (ancho x alto) <\/p>\n<p><strong>Colores de la referencia: <\/strong>Amarillo, verde claro, negro.<\/p>\n<p>&nbsp;<\/p>\n<p>Vinilo adhesivo de acabado mate, disponible en 29 colores. Puedes <em>personalizar<\/em> <em>el tama\u00f1o como prefieras.<\/em>.<\/p>\n<p> De <a href=\"https:\/\/b.link\/CIUV\" target=\"_blank\" rel=\"noopener\">f&aacute;cil instalaci&oacute;n<\/a>, es posible colocarlo en cualquier tipo de superficie lisa, excepto sobre pinturas aceitosas. Mantiene sus caracter\u00edsticas, incluso en paredes soleadas. Puedes desinstalarlo de forma f\u00e1cil.<\/p>\n<p>Env\u00edo (terrestre) gratis a nivel nacional para todos los productos de la tienda. Realiza tus pagos de forma segura a trav\u00e9s de Mercado pago.<\/p>\n<p> Nuestros vinilos son fabricados en Colombia y est\u00e1n garantizados por defectos de fabricaci\u00f3n o piezas faltantes durante 1 a\u00f1o. Ofrecemos 15 d\u00edas de retractaci\u00f3n, por lo que puedes devolver el producto si no te ha convencido (aplican condiciones).<\/p>\n","protected":false},"excerpt":{"rendered":"<p>Vinilo adhesivo con tierno lim\u00f3n y frase motivacional, especialmente pensado para ni\u00f1os. Esta pieza es ideal para decorar la habitaci\u00f3n del beb\u00e9 o de los ni\u00f1os de la casa. La frase motivacional \u201cBe Yourself\u201d \u2013 \u201cS\u00e9 t\u00fa mismo\u201d- es una frase sencilla pero muy inspiradora que contribuir\u00e1 al bienestar emocional de los peque\u00f1os. La imagen tierna y expresiva que acompa\u00f1a esta frase es el toque ideal para motivar y estimular la imaginaci\u00f3n, especialmente por estar dise\u00f1ada en vivos colores. <\/p>\n<p>Instala este tierno lim\u00f3n en las paredes de la habitaci\u00f3n de los ni\u00f1os, o consid\u00e9rala para decorar un sal\u00f3n de clase o un consultorio pedi\u00e1trico.<\/p>\n","protected":false},"featured_media":1132,"comment_status":"open","ping_status":"closed","template":"","meta":{"_acf_changed":false,"_et_pb_use_builder":"","_et_pb_old_content":"","_et_gb_content_width":"","content-type":""},"product_brand":[],"product_cat":[17,19,18,37,53],"product_tag":[23,28,30,31],"class_list":{"0":"post-1115","1":"product","2":"type-product","3":"status-publish","4":"has-post-thumbnail","6":"product_cat-decoracion-de-paredes","7":"product_cat-textos-y-frases","8":"product_cat-vinilos-decorativos-de-pared","9":"product_cat-vinilos-decorativos-infantiles","10":"product_cat-vinilos-para-jardines-infantiles","11":"product_tag-decoracion-de-habitaciones-juveniles","12":"product_tag-decoracion-infantil","13":"product_tag-decoracion-para-ninas","14":"product_tag-decoracion-para-ninos-varones","16":"first","17":"instock","18":"taxable","19":"shipping-taxable","20":"purchasable","21":"product-type-simple"},"acf":[],"_links":{"self":[{"href":"https:\/\/arkanta.co\/co\/wp-json\/wp\/v2\/product\/1115","targetHints":{"allow":["GET"]}}],"collection":[{"href":"https:\/\/arkanta.co\/co\/wp-json\/wp\/v2\/product"}],"about":[{"href":"https:\/\/arkanta.co\/co\/wp-json\/wp\/v2\/types\/product"}],"replies":[{"embeddable":true,"href":"https:\/\/arkanta.co\/co\/wp-json\/wp\/v2\/comments?post=1115"}],"wp:featuredmedia":[{"embeddable":true,"href":"https:\/\/arkanta.co\/co\/wp-json\/wp\/v2\/media\/1132"}],"wp:attachment":[{"href":"https:\/\/arkanta.co\/co\/wp-json\/wp\/v2\/media?parent=1115"}],"wp:term":[{"taxonomy":"product_brand","embeddable":true,"href":"https:\/\/arkanta.co\/co\/wp-json\/wp\/v2\/product_brand?post=1115"},{"taxonomy":"product_cat","embeddable":true,"href":"https:\/\/arkanta.co\/co\/wp-json\/wp\/v2\/product_cat?post=1115"},{"taxonomy":"product_tag","embeddable":true,"href":"https:\/\/arkanta.co\/co\/wp-json\/wp\/v2\/product_tag?post=1115"}],"curies":[{"name":"wp","href":"https:\/\/api.w.org\/{rel}","templated":true}]}}