{"id":1094,"date":"2024-01-05T00:59:26","date_gmt":"2024-01-04T23:59:26","guid":{"rendered":"https:\/\/arkanta.co\/co\/?post_type=product&#038;p=1094"},"modified":"2024-05-05T03:50:06","modified_gmt":"2024-05-05T01:50:06","slug":"vinilo-decorativo-de-futbolista-con-texto","status":"publish","type":"product","link":"https:\/\/arkanta.co\/co\/tienda-online\/vinilo-decorativo-de-futbolista-con-texto\/","title":{"rendered":"Vinilo de Futbolista con Texto"},"content":{"rendered":"<p><strong>Incluye:<\/strong> 1 set FOOTBALL SPIRIT (Ref: V0174) + Gu\u00eda de instalaci\u00f3n.<\/p>\n<p><strong>Color de la referencia: <\/strong>Negro.<\/p>\n<p>&nbsp;<\/p>\n<p>Vinilo adhesivo de acabado mate, disponible en 29 colores. Puedes <em>personalizar<\/em> <em>los textos y el tama\u00f1o como prefieras<\/em>.<\/p>\n<p>De <a href=\"https:\/\/b.link\/CIUV\" target=\"_blank\" rel=\"noopener\">f\u00e1cil instalaci\u00f3n<\/a>, es posible colocarlo en cualquier tipo de superficie lisa, excepto sobre pinturas aceitosas. Mantiene sus caracter\u00edsticas, incluso en paredes soleadas. Puedes desinstalarlo de forma f\u00e1cil.<\/p>\n<p>Env\u00edo (terrestre) gratis a nivel nacional para todos los productos de la tienda. Realiza tus pagos de forma segura a trav\u00e9s de Mercado pago.<\/p>\n<p>Nuestros vinilos son fabricados en Colombia y est\u00e1n garantizados por defectos de fabricaci\u00f3n o piezas faltantes durante 1 a\u00f1o. Ofrecemos 15 d\u00edas de retractaci\u00f3n, por lo que puedes devolver el producto si no te ha convencido (aplican condiciones).<\/p>\n","protected":false},"excerpt":{"rendered":"<p>Vinilo adhesivo para amantes del f\u00fatbol, dise\u00f1o con silueta de futbolista en acci\u00f3n con bal\u00f3n de f\u00fatbol ideal para la habitaci\u00f3n de un ni\u00f1o o adolescente con el texto \u201cFootball Spirit\u201d el cual puedes personalizar con el mensaje que gustes.<\/p>\n<p>Puedes decorar las paredes de un sal\u00f3n de juegos o de tu estudio si eres un verdadero fan\u00e1tico del f\u00fatbol. Este vinilo decorativo es solicitado con frecuencia para ambientar gimnasios, canchas techadas, locales dedicados a este popular deporte, tiendas deportivas, y otros tipos de locales comerciales. Adem\u00e1s, es una excelente opci\u00f3n para ambientar un cumplea\u00f1os.<\/p>\n","protected":false},"featured_media":1101,"comment_status":"open","ping_status":"closed","template":"","meta":{"_acf_changed":false,"_et_pb_use_builder":"","_et_pb_old_content":"","_et_gb_content_width":"","content-type":""},"product_brand":[],"product_cat":[17,49,50,18],"product_tag":[23,28,31],"class_list":{"0":"post-1094","1":"product","2":"type-product","3":"status-publish","4":"has-post-thumbnail","6":"product_cat-decoracion-de-paredes","7":"product_cat-vinilos-de-deportes","8":"product_cat-vinilos-de-hobbies","9":"product_cat-vinilos-decorativos-de-pared","10":"product_tag-decoracion-de-habitaciones-juveniles","11":"product_tag-decoracion-infantil","12":"product_tag-decoracion-para-ninos-varones","14":"first","15":"instock","16":"taxable","17":"shipping-taxable","18":"purchasable","19":"product-type-variable"},"acf":[],"_links":{"self":[{"href":"https:\/\/arkanta.co\/co\/wp-json\/wp\/v2\/product\/1094","targetHints":{"allow":["GET"]}}],"collection":[{"href":"https:\/\/arkanta.co\/co\/wp-json\/wp\/v2\/product"}],"about":[{"href":"https:\/\/arkanta.co\/co\/wp-json\/wp\/v2\/types\/product"}],"replies":[{"embeddable":true,"href":"https:\/\/arkanta.co\/co\/wp-json\/wp\/v2\/comments?post=1094"}],"wp:featuredmedia":[{"embeddable":true,"href":"https:\/\/arkanta.co\/co\/wp-json\/wp\/v2\/media\/1101"}],"wp:attachment":[{"href":"https:\/\/arkanta.co\/co\/wp-json\/wp\/v2\/media?parent=1094"}],"wp:term":[{"taxonomy":"product_brand","embeddable":true,"href":"https:\/\/arkanta.co\/co\/wp-json\/wp\/v2\/product_brand?post=1094"},{"taxonomy":"product_cat","embeddable":true,"href":"https:\/\/arkanta.co\/co\/wp-json\/wp\/v2\/product_cat?post=1094"},{"taxonomy":"product_tag","embeddable":true,"href":"https:\/\/arkanta.co\/co\/wp-json\/wp\/v2\/product_tag?post=1094"}],"curies":[{"name":"wp","href":"https:\/\/api.w.org\/{rel}","templated":true}]}}