{"id":1054,"date":"2024-01-05T00:59:02","date_gmt":"2024-01-04T23:59:02","guid":{"rendered":"https:\/\/arkanta.co\/co\/?post_type=product&#038;p=1054"},"modified":"2024-01-05T00:59:46","modified_gmt":"2024-01-04T23:59:46","slug":"vinilo-decorativo-de-audifonos-con-texto","status":"publish","type":"product","link":"https:\/\/arkanta.co\/co\/tienda-online\/vinilo-decorativo-de-audifonos-con-texto\/","title":{"rendered":"Vinilo Decorativo de Aud\u00edfonos con Texto"},"content":{"rendered":"<p><strong>Incluye:<\/strong> 1 set HEADPHONES (Ref: V0166) + Gu\u00eda de instalaci\u00f3n. <\/p>\n<p><strong>Color de la referencia: <\/strong>Negro.<\/p>\n<p>&nbsp;<\/p>\n<p>Vinilo adhesivo de acabado mate, disponible en 29 colores. Puedes <em>personalizar<\/em> <em>el tama\u00f1o como prefieras.<\/em>.<\/p>\n<p> De <a href=\"https:\/\/b.link\/CIUV\" target=\"_blank\" rel=\"noopener\">f&aacute;cil instalaci&oacute;n<\/a>, es posible colocarlo en cualquier tipo de superficie lisa, excepto sobre pinturas aceitosas. Mantiene sus caracter\u00edsticas, incluso en paredes soleadas. Puedes desinstalarlo de forma f\u00e1cil.<\/p>\n<p>Env\u00edo (terrestre) gratis a nivel nacional para todos los productos de la tienda. Realiza tus pagos de forma segura a trav\u00e9s de Mercado pago.<\/p>\n<p> Nuestros vinilos son fabricados en Colombia y est\u00e1n garantizados por defectos de fabricaci\u00f3n o piezas faltantes durante 1 a\u00f1o. Ofrecemos 15 d\u00edas de retractaci\u00f3n, por lo que puedes devolver el producto si no te ha convencido (aplican condiciones).<\/p>\n","protected":false},"excerpt":{"rendered":"<p>Vinilo adhesivo con motivo musical y mensaje motivacional. \u201cCada coraz\u00f3n tiene su propia melod\u00eda\u201d es el mensaje que tiene esta pieza, la cual encaja a la perfecci\u00f3n con el esp\u00edritu de una habitaci\u00f3n de adolescentes. Sin embargo, puedes modificar el mensaje y solicitar el de tu preferencia, de igual forma puedes solicitar el color que m\u00e1s te guste. <\/p>\n<p>Este vinilo decorativo puede incorporarse a la ambientaci\u00f3n de un caf\u00e9 o de un restaurante donde se ofrezca karaoke. En general ser\u00e1 del agrado de los fan\u00e1ticos de la m\u00fasica, aquellas personas que se sienten motivadas por la m\u00fasica y seguramente se agradar\u00e1n con este vinilo y su mensaje.<\/p>\n","protected":false},"featured_media":1072,"comment_status":"open","ping_status":"closed","template":"","meta":{"_acf_changed":false,"_et_pb_use_builder":"","_et_pb_old_content":"","_et_gb_content_width":"","content-type":""},"product_brand":[],"product_cat":[17,50,18],"product_tag":[21,22,23,24],"class_list":{"0":"post-1054","1":"product","2":"type-product","3":"status-publish","4":"has-post-thumbnail","6":"product_cat-decoracion-de-paredes","7":"product_cat-vinilos-de-hobbies","8":"product_cat-vinilos-decorativos-de-pared","9":"product_tag-decoracion-de-cuartos","10":"product_tag-decoracion-de-estudios-y-oficinas","11":"product_tag-decoracion-de-habitaciones-juveniles","12":"product_tag-decoracion-de-salas","14":"first","15":"instock","16":"taxable","17":"shipping-taxable","18":"purchasable","19":"product-type-variable"},"acf":[],"_links":{"self":[{"href":"https:\/\/arkanta.co\/co\/wp-json\/wp\/v2\/product\/1054","targetHints":{"allow":["GET"]}}],"collection":[{"href":"https:\/\/arkanta.co\/co\/wp-json\/wp\/v2\/product"}],"about":[{"href":"https:\/\/arkanta.co\/co\/wp-json\/wp\/v2\/types\/product"}],"replies":[{"embeddable":true,"href":"https:\/\/arkanta.co\/co\/wp-json\/wp\/v2\/comments?post=1054"}],"wp:featuredmedia":[{"embeddable":true,"href":"https:\/\/arkanta.co\/co\/wp-json\/wp\/v2\/media\/1072"}],"wp:attachment":[{"href":"https:\/\/arkanta.co\/co\/wp-json\/wp\/v2\/media?parent=1054"}],"wp:term":[{"taxonomy":"product_brand","embeddable":true,"href":"https:\/\/arkanta.co\/co\/wp-json\/wp\/v2\/product_brand?post=1054"},{"taxonomy":"product_cat","embeddable":true,"href":"https:\/\/arkanta.co\/co\/wp-json\/wp\/v2\/product_cat?post=1054"},{"taxonomy":"product_tag","embeddable":true,"href":"https:\/\/arkanta.co\/co\/wp-json\/wp\/v2\/product_tag?post=1054"}],"curies":[{"name":"wp","href":"https:\/\/api.w.org\/{rel}","templated":true}]}}