{"id":1006,"date":"2024-01-05T00:58:13","date_gmt":"2024-01-04T23:58:13","guid":{"rendered":"https:\/\/arkanta.co\/co\/?post_type=product&#038;p=1006"},"modified":"2024-01-05T00:59:46","modified_gmt":"2024-01-04T23:59:46","slug":"vinilos-decorativos-patron-de-triangulos","status":"publish","type":"product","link":"https:\/\/arkanta.co\/co\/tienda-online\/vinilos-decorativos-patron-de-triangulos\/","title":{"rendered":"Vinilos Decorativos Patr\u00f3n de Tri\u00e1ngulos"},"content":{"rendered":"<p><strong>Incluye:<\/strong> 1 set LITTLE TRIANGLES (Ref: V0163) + Gu\u00eda de instalaci\u00f3n. <\/p>\n<p><strong>Color de la referencia: <\/strong>Negro.<\/p>\n<p>&nbsp;<\/p>\n<p>Vinilo adhesivo de acabado mate, disponible en 29 colores. Puedes <em>personalizar<\/em> <em>el tama\u00f1o como prefieras.<\/em>.<\/p>\n<p> De <a href=\"https:\/\/b.link\/CIUV\" target=\"_blank\" rel=\"noopener\">f&aacute;cil instalaci&oacute;n<\/a>, es posible colocarlo en cualquier tipo de superficie lisa, excepto sobre pinturas aceitosas. Mantiene sus caracter\u00edsticas, incluso en paredes soleadas. Puedes desinstalarlo de forma f\u00e1cil.<\/p>\n<p>Env\u00edo (terrestre) gratis a nivel nacional para todos los productos de la tienda. Realiza tus pagos de forma segura a trav\u00e9s de Mercado pago.<\/p>\n<p> Nuestros vinilos son fabricados en Colombia y est\u00e1n garantizados por defectos de fabricaci\u00f3n o piezas faltantes durante 1 a\u00f1o. Ofrecemos 15 d\u00edas de retractaci\u00f3n, por lo que puedes devolver el producto si no te ha convencido (aplican condiciones).<\/p>\n","protected":false},"excerpt":{"rendered":"<p>Decora las paredes de tu hogar con estos vinilos adhesivos de tri\u00e1ngulos tipo patr\u00f3n, su sencillo dise\u00f1o los hace completamente vers\u00e1tiles pudi\u00e9ndolos ajustar a la decoraci\u00f3n de diferentes \u00e1reas de tu casa: habitaciones de adultos, habitaciones de ni\u00f1os, habitaciones de adolescentes e incluso el cuarto del beb\u00e9. <\/p>\n<p>Igualmente puedes integrarlos a las paredes de la sala, del comedor o del estudio. Y si lo consideras oportuno puedes colocarlos de forma arm\u00f3nica en ba\u00f1os o cocina. <\/p>\n<p>Las formas geom\u00e9tricas, espec\u00edficamente los tri\u00e1ngulos, resaltar\u00e1n las paredes de tu oficina o local comercial, sin importar el ramo al que te dediques. Estos peque\u00f1os tri\u00e1ngulos se adaptar\u00e1n a cualquier espacio, incluso puedes solicitarlos en el color que prefieras.<\/p>\n","protected":false},"featured_media":1047,"comment_status":"open","ping_status":"closed","template":"","meta":{"_acf_changed":false,"_et_pb_use_builder":"","_et_pb_old_content":"","_et_gb_content_width":"","content-type":""},"product_brand":[],"product_cat":[17,27,18,37,38],"product_tag":[21,22,23,28,29,30,31],"class_list":{"0":"post-1006","1":"product","2":"type-product","3":"status-publish","4":"has-post-thumbnail","6":"product_cat-decoracion-de-paredes","7":"product_cat-vinilos-de-patrones","8":"product_cat-vinilos-decorativos-de-pared","9":"product_cat-vinilos-decorativos-infantiles","10":"product_cat-vinilos-geometricos","11":"product_tag-decoracion-de-cuartos","12":"product_tag-decoracion-de-estudios-y-oficinas","13":"product_tag-decoracion-de-habitaciones-juveniles","14":"product_tag-decoracion-infantil","15":"product_tag-decoracion-para-cuarto-de-bebe","16":"product_tag-decoracion-para-ninas","17":"product_tag-decoracion-para-ninos-varones","19":"first","20":"instock","21":"taxable","22":"shipping-taxable","23":"purchasable","24":"product-type-variable"},"acf":[],"_links":{"self":[{"href":"https:\/\/arkanta.co\/co\/wp-json\/wp\/v2\/product\/1006","targetHints":{"allow":["GET"]}}],"collection":[{"href":"https:\/\/arkanta.co\/co\/wp-json\/wp\/v2\/product"}],"about":[{"href":"https:\/\/arkanta.co\/co\/wp-json\/wp\/v2\/types\/product"}],"replies":[{"embeddable":true,"href":"https:\/\/arkanta.co\/co\/wp-json\/wp\/v2\/comments?post=1006"}],"wp:featuredmedia":[{"embeddable":true,"href":"https:\/\/arkanta.co\/co\/wp-json\/wp\/v2\/media\/1047"}],"wp:attachment":[{"href":"https:\/\/arkanta.co\/co\/wp-json\/wp\/v2\/media?parent=1006"}],"wp:term":[{"taxonomy":"product_brand","embeddable":true,"href":"https:\/\/arkanta.co\/co\/wp-json\/wp\/v2\/product_brand?post=1006"},{"taxonomy":"product_cat","embeddable":true,"href":"https:\/\/arkanta.co\/co\/wp-json\/wp\/v2\/product_cat?post=1006"},{"taxonomy":"product_tag","embeddable":true,"href":"https:\/\/arkanta.co\/co\/wp-json\/wp\/v2\/product_tag?post=1006"}],"curies":[{"name":"wp","href":"https:\/\/api.w.org\/{rel}","templated":true}]}}