{"id":1005,"date":"2024-01-05T00:58:13","date_gmt":"2024-01-04T23:58:13","guid":{"rendered":"https:\/\/arkanta.co\/co\/?post_type=product&#038;p=1005"},"modified":"2024-01-05T00:59:23","modified_gmt":"2024-01-04T23:59:23","slug":"vinilos-decorativos-patron-de-rayos","status":"publish","type":"product","link":"https:\/\/arkanta.co\/co\/tienda-online\/vinilos-decorativos-patron-de-rayos\/","title":{"rendered":"Vinilos Decorativos Patr\u00f3n de Rayos"},"content":{"rendered":"<p><strong>Incluye:<\/strong> 1 set THUNDER (Ref: V0162) + Gu\u00eda de instalaci\u00f3n. <\/p>\n<p><strong>Color de la referencia: <\/strong>Negro.<\/p>\n<p>&nbsp;<\/p>\n<p>Vinilo adhesivo de acabado mate, disponible en 29 colores. Puedes <em>personalizar<\/em> <em>el tama\u00f1o como prefieras.<\/em>.<\/p>\n<p> De <a href=\"https:\/\/b.link\/CIUV\" target=\"_blank\" rel=\"noopener\">f&aacute;cil instalaci&oacute;n<\/a>, es posible colocarlo en cualquier tipo de superficie lisa, excepto sobre pinturas aceitosas. Mantiene sus caracter\u00edsticas, incluso en paredes soleadas. Puedes desinstalarlo de forma f\u00e1cil.<\/p>\n<p>Env\u00edo (terrestre) gratis a nivel nacional para todos los productos de la tienda. Realiza tus pagos de forma segura a trav\u00e9s de Mercado pago.<\/p>\n<p> Nuestros vinilos son fabricados en Colombia y est\u00e1n garantizados por defectos de fabricaci\u00f3n o piezas faltantes durante 1 a\u00f1o. Ofrecemos 15 d\u00edas de retractaci\u00f3n, por lo que puedes devolver el producto si no te ha convencido (aplican condiciones).<\/p>\n","protected":false},"excerpt":{"rendered":"<p>Decora tus paredes con estos llamativos vinilos adhesivos tipo patr\u00f3n, ideales para decorar la habitaci\u00f3n del beb\u00e9, la habitaci\u00f3n del ni\u00f1o, la habitaci\u00f3n principal, el estudio. Incluso para la ambientaci\u00f3n de salones de clase, consultorios pedi\u00e1tricos, oficinas. <\/p>\n<p>Estos vinilos decorativos en forma de rayo son perfectos para agradar a amantes de la magia y los s\u00faper poderes, combina rayos amarillos y negros para lograr un efecto m\u00e1gico.<\/p>\n","protected":false},"featured_media":1046,"comment_status":"open","ping_status":"closed","template":"","meta":{"_acf_changed":false,"_et_pb_use_builder":"","_et_pb_old_content":"","_et_gb_content_width":"","content-type":""},"product_brand":[],"product_cat":[17,27,18,37],"product_tag":[23,28,29,30,31],"class_list":{"0":"post-1005","1":"product","2":"type-product","3":"status-publish","4":"has-post-thumbnail","6":"product_cat-decoracion-de-paredes","7":"product_cat-vinilos-de-patrones","8":"product_cat-vinilos-decorativos-de-pared","9":"product_cat-vinilos-decorativos-infantiles","10":"product_tag-decoracion-de-habitaciones-juveniles","11":"product_tag-decoracion-infantil","12":"product_tag-decoracion-para-cuarto-de-bebe","13":"product_tag-decoracion-para-ninas","14":"product_tag-decoracion-para-ninos-varones","16":"first","17":"instock","18":"taxable","19":"shipping-taxable","20":"purchasable","21":"product-type-variable"},"acf":[],"_links":{"self":[{"href":"https:\/\/arkanta.co\/co\/wp-json\/wp\/v2\/product\/1005","targetHints":{"allow":["GET"]}}],"collection":[{"href":"https:\/\/arkanta.co\/co\/wp-json\/wp\/v2\/product"}],"about":[{"href":"https:\/\/arkanta.co\/co\/wp-json\/wp\/v2\/types\/product"}],"replies":[{"embeddable":true,"href":"https:\/\/arkanta.co\/co\/wp-json\/wp\/v2\/comments?post=1005"}],"wp:featuredmedia":[{"embeddable":true,"href":"https:\/\/arkanta.co\/co\/wp-json\/wp\/v2\/media\/1046"}],"wp:attachment":[{"href":"https:\/\/arkanta.co\/co\/wp-json\/wp\/v2\/media?parent=1005"}],"wp:term":[{"taxonomy":"product_brand","embeddable":true,"href":"https:\/\/arkanta.co\/co\/wp-json\/wp\/v2\/product_brand?post=1005"},{"taxonomy":"product_cat","embeddable":true,"href":"https:\/\/arkanta.co\/co\/wp-json\/wp\/v2\/product_cat?post=1005"},{"taxonomy":"product_tag","embeddable":true,"href":"https:\/\/arkanta.co\/co\/wp-json\/wp\/v2\/product_tag?post=1005"}],"curies":[{"name":"wp","href":"https:\/\/api.w.org\/{rel}","templated":true}]}}