{"id":6,"date":"2024-01-02T23:30:14","date_gmt":"2024-01-02T22:30:14","guid":{"rendered":"https:\/\/arkanta.co\/co\/carrito\/"},"modified":"2024-01-22T23:57:20","modified_gmt":"2024-01-22T22:57:20","slug":"carrito","status":"publish","type":"page","link":"https:\/\/arkanta.co\/co\/carrito\/","title":{"rendered":"Carrito"},"content":{"rendered":"[et_pb_section admin_label=\u00bbsection\u00bb]\n\t\t\t[et_pb_row admin_label=\u00bbrow\u00bb]\n\t\t\t\t[et_pb_column type=\u00bb4_4&#8243;][et_pb_text admin_label=\u00bbText\u00bb]\n<div data-block-name=\"woocommerce\/cart\" class=\"wp-block-woocommerce-cart alignwide is-loading\">\n<div data-block-name=\"woocommerce\/filled-cart-block\" class=\"wp-block-woocommerce-filled-cart-block\">\n<div data-block-name=\"woocommerce\/cart-items-block\" class=\"wp-block-woocommerce-cart-items-block\">\n<div data-block-name=\"woocommerce\/cart-line-items-block\" class=\"wp-block-woocommerce-cart-line-items-block\"><\/div>\n\n\n\n<div data-block-name=\"woocommerce\/cart-cross-sells-block\" class=\"wp-block-woocommerce-cart-cross-sells-block\">\n<h2 class=\"wp-block-heading has-large-font-size\">Puede que te interese\u2026<\/h2>\n\n\n\n<div data-block-name=\"woocommerce\/cart-cross-sells-products-block\" class=\"wp-block-woocommerce-cart-cross-sells-products-block\"><\/div>\n<\/div>\n<\/div>\n\n\n\n<div data-block-name=\"woocommerce\/cart-totals-block\" class=\"wp-block-woocommerce-cart-totals-block\">\n<div data-block-name=\"woocommerce\/cart-order-summary-block\" class=\"wp-block-woocommerce-cart-order-summary-block\">\n<div data-block-name=\"woocommerce\/cart-order-summary-heading-block\" class=\"wp-block-woocommerce-cart-order-summary-heading-block\"><\/div><div data-block-name=\"woocommerce\/cart-order-summary-coupon-form-block\" class=\"wp-block-woocommerce-cart-order-summary-coupon-form-block\"><\/div><div data-block-name=\"woocommerce\/cart-order-summary-totals-block\" class=\"wp-block-woocommerce-cart-order-summary-totals-block\">\n<div data-block-name=\"woocommerce\/cart-order-summary-subtotal-block\" class=\"wp-block-woocommerce-cart-order-summary-subtotal-block\"><\/div>\n<div data-block-name=\"woocommerce\/cart-order-summary-discount-block\" class=\"wp-block-woocommerce-cart-order-summary-discount-block\"><\/div>\n<div data-block-name=\"woocommerce\/cart-order-summary-fee-block\" class=\"wp-block-woocommerce-cart-order-summary-fee-block\"><\/div>\n<div data-block-name=\"woocommerce\/cart-order-summary-shipping-block\" class=\"wp-block-woocommerce-cart-order-summary-shipping-block\"><\/div>\n<div data-block-name=\"woocommerce\/cart-order-summary-taxes-block\" class=\"wp-block-woocommerce-cart-order-summary-taxes-block\"><\/div><\/div>\n<\/div>\n\n\n\n<div data-block-name=\"woocommerce\/cart-express-payment-block\" class=\"wp-block-woocommerce-cart-express-payment-block\"><\/div>\n\n\n\n<div data-block-name=\"woocommerce\/proceed-to-checkout-block\" class=\"wp-block-woocommerce-proceed-to-checkout-block\"><\/div>\n\n\n\n<div data-block-name=\"woocommerce\/cart-accepted-payment-methods-block\" class=\"wp-block-woocommerce-cart-accepted-payment-methods-block\"><\/div>\n<\/div>\n<\/div>\n\n\n\n<div data-block-name=\"woocommerce\/empty-cart-block\" class=\"wp-block-woocommerce-empty-cart-block\">\n<h2 class=\"wp-block-heading has-text-align-center with-empty-cart-icon wc-block-cart__empty-cart__title\">\u00a1Tu carrito est\u00e1 actualmente vac\u00edo!<\/h2>\n\n\n\n<hr class=\"wp-block-separator has-alpha-channel-opacity is-style-dots\"\/>\n\n\n\n<h2 class=\"wp-block-heading has-text-align-center\">Nuevo en la tienda<\/h2>\n\n\n<div data-block-name=\"woocommerce\/product-new\" data-columns=\"4\" data-rows=\"1\" class=\"wc-block-grid wp-block-product-new wp-block-woocommerce-product-new wc-block-product-new has-4-columns\"><ul class=\"wc-block-grid__products\"><li class=\"wc-block-grid__product\">\n\t\t\t\t<a href=\"https:\/\/arkanta.co\/co\/tienda-online\/vinilo-de-arbol-genealogico-infantil\/\" class=\"wc-block-grid__product-link\">\n\t\t\t\t\t\n\t\t\t\t\t<div class=\"wc-block-grid__product-image\"><img loading=\"lazy\" decoding=\"async\" width=\"300\" height=\"300\" src=\"https:\/\/arkanta.co\/co\/wp-content\/uploads\/sites\/2\/2024\/01\/V0389-Vinilo-de-Arbol-Genealogico-Infantil-MY-FAMILY-Adazio-300x300.jpg\" class=\"attachment-woocommerce_thumbnail size-woocommerce_thumbnail\" alt=\"Vinilo de \u00c1rbol Geneal\u00f3gico Infantil\" srcset=\"https:\/\/arkanta.co\/co\/wp-content\/uploads\/sites\/2\/2024\/01\/V0389-Vinilo-de-Arbol-Genealogico-Infantil-MY-FAMILY-Adazio-300x300.jpg 300w, https:\/\/arkanta.co\/co\/wp-content\/uploads\/sites\/2\/2024\/01\/V0389-Vinilo-de-Arbol-Genealogico-Infantil-MY-FAMILY-Adazio-1024x1024.jpg 1024w, https:\/\/arkanta.co\/co\/wp-content\/uploads\/sites\/2\/2024\/01\/V0389-Vinilo-de-Arbol-Genealogico-Infantil-MY-FAMILY-Adazio-150x150.jpg 150w, https:\/\/arkanta.co\/co\/wp-content\/uploads\/sites\/2\/2024\/01\/V0389-Vinilo-de-Arbol-Genealogico-Infantil-MY-FAMILY-Adazio-768x768.jpg 768w, https:\/\/arkanta.co\/co\/wp-content\/uploads\/sites\/2\/2024\/01\/V0389-Vinilo-de-Arbol-Genealogico-Infantil-MY-FAMILY-Adazio-600x600.jpg 600w, https:\/\/arkanta.co\/co\/wp-content\/uploads\/sites\/2\/2024\/01\/V0389-Vinilo-de-Arbol-Genealogico-Infantil-MY-FAMILY-Adazio-100x100.jpg 100w, https:\/\/arkanta.co\/co\/wp-content\/uploads\/sites\/2\/2024\/01\/V0389-Vinilo-de-Arbol-Genealogico-Infantil-MY-FAMILY-Adazio.jpg 1200w\" sizes=\"auto, (max-width: 300px) 100vw, 300px\" \/><\/div>\n\t\t\t\t\t<div class=\"wc-block-grid__product-title\">Vinilo de \u00c1rbol Geneal\u00f3gico Infantil<\/div>\n\t\t\t\t<\/a>\n\t\t\t\t<div class=\"wc-block-grid__product-price price\"><span class=\"woocommerce-Price-amount amount\"><span class=\"woocommerce-Price-currencySymbol\">&#036;<\/span>&nbsp;189.900<\/span><\/div>\n\t\t\t\t\n\t\t\t\t<div class=\"wp-block-button wc-block-grid__product-add-to-cart\"><a href=\"\/co\/wp-json\/wp\/v2\/pages\/6?add-to-cart=2907\" aria-label=\"A\u00f1adir al carrito: &ldquo;Vinilo de \u00c1rbol Geneal\u00f3gico Infantil&rdquo;\" data-quantity=\"1\" data-product_id=\"2907\" data-product_sku=\"V0389\" data-price=\"189900\" rel=\"nofollow\" class=\"wp-block-button__link  add_to_cart_button ajax_add_to_cart\">A\u00f1adir al carrito<\/a><\/div>\n\t\t\t<\/li><li class=\"wc-block-grid__product\">\n\t\t\t\t<a href=\"https:\/\/arkanta.co\/co\/tienda-online\/vinilo-decorativo-de-astronauta\/\" class=\"wc-block-grid__product-link\">\n\t\t\t\t\t\n\t\t\t\t\t<div class=\"wc-block-grid__product-image\"><img loading=\"lazy\" decoding=\"async\" width=\"300\" height=\"300\" src=\"https:\/\/arkanta.co\/co\/wp-content\/uploads\/sites\/2\/2024\/01\/V0388-Vinilo-Decorativo-de-Astronauta-ASTRONAUTA-Adazio-1-300x300.jpg\" class=\"attachment-woocommerce_thumbnail size-woocommerce_thumbnail\" alt=\"Vinilo Decorativo de Astronauta\" srcset=\"https:\/\/arkanta.co\/co\/wp-content\/uploads\/sites\/2\/2024\/01\/V0388-Vinilo-Decorativo-de-Astronauta-ASTRONAUTA-Adazio-1-300x300.jpg 300w, https:\/\/arkanta.co\/co\/wp-content\/uploads\/sites\/2\/2024\/01\/V0388-Vinilo-Decorativo-de-Astronauta-ASTRONAUTA-Adazio-1-1024x1024.jpg 1024w, https:\/\/arkanta.co\/co\/wp-content\/uploads\/sites\/2\/2024\/01\/V0388-Vinilo-Decorativo-de-Astronauta-ASTRONAUTA-Adazio-1-150x150.jpg 150w, https:\/\/arkanta.co\/co\/wp-content\/uploads\/sites\/2\/2024\/01\/V0388-Vinilo-Decorativo-de-Astronauta-ASTRONAUTA-Adazio-1-768x768.jpg 768w, https:\/\/arkanta.co\/co\/wp-content\/uploads\/sites\/2\/2024\/01\/V0388-Vinilo-Decorativo-de-Astronauta-ASTRONAUTA-Adazio-1-600x600.jpg 600w, https:\/\/arkanta.co\/co\/wp-content\/uploads\/sites\/2\/2024\/01\/V0388-Vinilo-Decorativo-de-Astronauta-ASTRONAUTA-Adazio-1-100x100.jpg 100w, https:\/\/arkanta.co\/co\/wp-content\/uploads\/sites\/2\/2024\/01\/V0388-Vinilo-Decorativo-de-Astronauta-ASTRONAUTA-Adazio-1.jpg 1200w\" sizes=\"auto, (max-width: 300px) 100vw, 300px\" \/><\/div>\n\t\t\t\t\t<div class=\"wc-block-grid__product-title\">Vinilo Decorativo de Astronauta<\/div>\n\t\t\t\t<\/a>\n\t\t\t\t<div class=\"wc-block-grid__product-price price\"><span class=\"woocommerce-Price-amount amount\"><span class=\"woocommerce-Price-currencySymbol\">&#036;<\/span>&nbsp;129.900<\/span><\/div>\n\t\t\t\t\n\t\t\t\t<div class=\"wp-block-button wc-block-grid__product-add-to-cart\"><a href=\"\/co\/wp-json\/wp\/v2\/pages\/6?add-to-cart=2906\" aria-label=\"A\u00f1adir al carrito: &ldquo;Vinilo Decorativo de Astronauta&rdquo;\" data-quantity=\"1\" data-product_id=\"2906\" data-product_sku=\"V0388\" data-price=\"129900\" rel=\"nofollow\" class=\"wp-block-button__link  add_to_cart_button ajax_add_to_cart\">A\u00f1adir al carrito<\/a><\/div>\n\t\t\t<\/li><li class=\"wc-block-grid__product\">\n\t\t\t\t<a href=\"https:\/\/arkanta.co\/co\/tienda-online\/vinilo-infantil-animales-de-la-jungla-2\/\" class=\"wc-block-grid__product-link\">\n\t\t\t\t\t\n\t\t\t\t\t<div class=\"wc-block-grid__product-image\"><img loading=\"lazy\" decoding=\"async\" width=\"300\" height=\"300\" src=\"https:\/\/arkanta.co\/co\/wp-content\/uploads\/sites\/2\/2024\/01\/V0387-Vinilo-Infantil-Animales-de-la-Jungla-AFRICAN-JUNGLE-Adazio-300x300.jpg\" class=\"attachment-woocommerce_thumbnail size-woocommerce_thumbnail\" alt=\"Vinilo Infantil Animales de la Jungla\" srcset=\"https:\/\/arkanta.co\/co\/wp-content\/uploads\/sites\/2\/2024\/01\/V0387-Vinilo-Infantil-Animales-de-la-Jungla-AFRICAN-JUNGLE-Adazio-300x300.jpg 300w, https:\/\/arkanta.co\/co\/wp-content\/uploads\/sites\/2\/2024\/01\/V0387-Vinilo-Infantil-Animales-de-la-Jungla-AFRICAN-JUNGLE-Adazio-1024x1024.jpg 1024w, https:\/\/arkanta.co\/co\/wp-content\/uploads\/sites\/2\/2024\/01\/V0387-Vinilo-Infantil-Animales-de-la-Jungla-AFRICAN-JUNGLE-Adazio-150x150.jpg 150w, https:\/\/arkanta.co\/co\/wp-content\/uploads\/sites\/2\/2024\/01\/V0387-Vinilo-Infantil-Animales-de-la-Jungla-AFRICAN-JUNGLE-Adazio-768x768.jpg 768w, https:\/\/arkanta.co\/co\/wp-content\/uploads\/sites\/2\/2024\/01\/V0387-Vinilo-Infantil-Animales-de-la-Jungla-AFRICAN-JUNGLE-Adazio-600x600.jpg 600w, https:\/\/arkanta.co\/co\/wp-content\/uploads\/sites\/2\/2024\/01\/V0387-Vinilo-Infantil-Animales-de-la-Jungla-AFRICAN-JUNGLE-Adazio-100x100.jpg 100w, https:\/\/arkanta.co\/co\/wp-content\/uploads\/sites\/2\/2024\/01\/V0387-Vinilo-Infantil-Animales-de-la-Jungla-AFRICAN-JUNGLE-Adazio.jpg 1200w\" sizes=\"auto, (max-width: 300px) 100vw, 300px\" \/><\/div>\n\t\t\t\t\t<div class=\"wc-block-grid__product-title\">Vinilo Infantil Animales de la Jungla<\/div>\n\t\t\t\t<\/a>\n\t\t\t\t<div class=\"wc-block-grid__product-price price\"><span class=\"woocommerce-Price-amount amount\"><span class=\"woocommerce-Price-currencySymbol\">&#036;<\/span>&nbsp;179.900<\/span><\/div>\n\t\t\t\t\n\t\t\t\t<div class=\"wp-block-button wc-block-grid__product-add-to-cart\"><a href=\"\/co\/wp-json\/wp\/v2\/pages\/6?add-to-cart=2905\" aria-label=\"A\u00f1adir al carrito: &ldquo;Vinilo Infantil Animales de la Jungla&rdquo;\" data-quantity=\"1\" data-product_id=\"2905\" data-product_sku=\"V0387\" data-price=\"179900\" rel=\"nofollow\" class=\"wp-block-button__link  add_to_cart_button ajax_add_to_cart\">A\u00f1adir al carrito<\/a><\/div>\n\t\t\t<\/li><li class=\"wc-block-grid__product\">\n\t\t\t\t<a href=\"https:\/\/arkanta.co\/co\/tienda-online\/vinilo-de-texto-happy-soul\/\" class=\"wc-block-grid__product-link\">\n\t\t\t\t\t\n\t\t\t\t\t<div class=\"wc-block-grid__product-image\"><img loading=\"lazy\" decoding=\"async\" width=\"300\" height=\"300\" src=\"https:\/\/arkanta.co\/co\/wp-content\/uploads\/sites\/2\/2024\/01\/V0386-Vinilo-de-Texto-Happy-Soul-HAPPY-SOUL-Adazio-1-300x300.jpg\" class=\"attachment-woocommerce_thumbnail size-woocommerce_thumbnail\" alt=\"Vinilo de Texto Happy Soul\" srcset=\"https:\/\/arkanta.co\/co\/wp-content\/uploads\/sites\/2\/2024\/01\/V0386-Vinilo-de-Texto-Happy-Soul-HAPPY-SOUL-Adazio-1-300x300.jpg 300w, https:\/\/arkanta.co\/co\/wp-content\/uploads\/sites\/2\/2024\/01\/V0386-Vinilo-de-Texto-Happy-Soul-HAPPY-SOUL-Adazio-1-1024x1024.jpg 1024w, https:\/\/arkanta.co\/co\/wp-content\/uploads\/sites\/2\/2024\/01\/V0386-Vinilo-de-Texto-Happy-Soul-HAPPY-SOUL-Adazio-1-150x150.jpg 150w, https:\/\/arkanta.co\/co\/wp-content\/uploads\/sites\/2\/2024\/01\/V0386-Vinilo-de-Texto-Happy-Soul-HAPPY-SOUL-Adazio-1-768x768.jpg 768w, https:\/\/arkanta.co\/co\/wp-content\/uploads\/sites\/2\/2024\/01\/V0386-Vinilo-de-Texto-Happy-Soul-HAPPY-SOUL-Adazio-1-600x600.jpg 600w, https:\/\/arkanta.co\/co\/wp-content\/uploads\/sites\/2\/2024\/01\/V0386-Vinilo-de-Texto-Happy-Soul-HAPPY-SOUL-Adazio-1-100x100.jpg 100w, https:\/\/arkanta.co\/co\/wp-content\/uploads\/sites\/2\/2024\/01\/V0386-Vinilo-de-Texto-Happy-Soul-HAPPY-SOUL-Adazio-1.jpg 1200w\" sizes=\"auto, (max-width: 300px) 100vw, 300px\" \/><\/div>\n\t\t\t\t\t<div class=\"wc-block-grid__product-title\">Vinilo de Texto Happy Soul<\/div>\n\t\t\t\t<\/a>\n\t\t\t\t<div class=\"wc-block-grid__product-price price\"><span class=\"woocommerce-Price-amount amount\"><span class=\"woocommerce-Price-currencySymbol\">&#036;<\/span>&nbsp;99.900<\/span><\/div>\n\t\t\t\t\n\t\t\t\t<div class=\"wp-block-button wc-block-grid__product-add-to-cart\"><a href=\"\/co\/wp-json\/wp\/v2\/pages\/6?add-to-cart=2904\" aria-label=\"A\u00f1adir al carrito: &ldquo;Vinilo de Texto Happy Soul&rdquo;\" data-quantity=\"1\" data-product_id=\"2904\" data-product_sku=\"V0386\" data-price=\"99900\" rel=\"nofollow\" class=\"wp-block-button__link  add_to_cart_button ajax_add_to_cart\">A\u00f1adir al carrito<\/a><\/div>\n\t\t\t<\/li><\/ul><\/div><\/div>\n<\/div>\n[\/et_pb_text][\/et_pb_column]\n\t\t\t[\/et_pb_row]\n\t\t[\/et_pb_section]","protected":false},"excerpt":{"rendered":"<p>Puede que te interese\u2026 \u00a1Tu carrito est\u00e1 actualmente vac\u00edo! Nuevo en la tienda<\/p>\n","protected":false},"author":1,"featured_media":0,"parent":0,"menu_order":0,"comment_status":"closed","ping_status":"closed","template":"","meta":{"_acf_changed":false,"_et_pb_use_builder":"on","_et_pb_old_content":"<!-- wp:woocommerce\/cart -->\n<div class=\"wp-block-woocommerce-cart alignwide is-loading\"><!-- wp:woocommerce\/filled-cart-block -->\n<div class=\"wp-block-woocommerce-filled-cart-block\"><!-- wp:woocommerce\/cart-items-block -->\n<div class=\"wp-block-woocommerce-cart-items-block\"><!-- wp:woocommerce\/cart-line-items-block -->\n<div class=\"wp-block-woocommerce-cart-line-items-block\"><\/div>\n<!-- \/wp:woocommerce\/cart-line-items-block -->\n\n<!-- wp:woocommerce\/cart-cross-sells-block -->\n<div class=\"wp-block-woocommerce-cart-cross-sells-block\"><!-- wp:heading {\"fontSize\":\"large\"} -->\n<h2 class=\"wp-block-heading has-large-font-size\">Puede que te interese\u2026<\/h2>\n<!-- \/wp:heading -->\n\n<!-- wp:woocommerce\/cart-cross-sells-products-block -->\n<div class=\"wp-block-woocommerce-cart-cross-sells-products-block\"><\/div>\n<!-- \/wp:woocommerce\/cart-cross-sells-products-block --><\/div>\n<!-- \/wp:woocommerce\/cart-cross-sells-block --><\/div>\n<!-- \/wp:woocommerce\/cart-items-block -->\n\n<!-- wp:woocommerce\/cart-totals-block -->\n<div class=\"wp-block-woocommerce-cart-totals-block\"><!-- wp:woocommerce\/cart-order-summary-block -->\n<div class=\"wp-block-woocommerce-cart-order-summary-block\"><!-- wp:woocommerce\/cart-order-summary-heading-block -->\n<div class=\"wp-block-woocommerce-cart-order-summary-heading-block\"><\/div>\n<!-- \/wp:woocommerce\/cart-order-summary-heading-block -->\n\n<!-- wp:woocommerce\/cart-order-summary-coupon-form-block -->\n<div class=\"wp-block-woocommerce-cart-order-summary-coupon-form-block\"><\/div>\n<!-- \/wp:woocommerce\/cart-order-summary-coupon-form-block -->\n\n<!-- wp:woocommerce\/cart-order-summary-subtotal-block -->\n<div class=\"wp-block-woocommerce-cart-order-summary-subtotal-block\"><\/div>\n<!-- \/wp:woocommerce\/cart-order-summary-subtotal-block -->\n\n<!-- wp:woocommerce\/cart-order-summary-fee-block -->\n<div class=\"wp-block-woocommerce-cart-order-summary-fee-block\"><\/div>\n<!-- \/wp:woocommerce\/cart-order-summary-fee-block -->\n\n<!-- wp:woocommerce\/cart-order-summary-discount-block -->\n<div class=\"wp-block-woocommerce-cart-order-summary-discount-block\"><\/div>\n<!-- \/wp:woocommerce\/cart-order-summary-discount-block -->\n\n<!-- wp:woocommerce\/cart-order-summary-shipping-block -->\n<div class=\"wp-block-woocommerce-cart-order-summary-shipping-block\"><\/div>\n<!-- \/wp:woocommerce\/cart-order-summary-shipping-block -->\n\n<!-- wp:woocommerce\/cart-order-summary-taxes-block -->\n<div class=\"wp-block-woocommerce-cart-order-summary-taxes-block\"><\/div>\n<!-- \/wp:woocommerce\/cart-order-summary-taxes-block --><\/div>\n<!-- \/wp:woocommerce\/cart-order-summary-block -->\n\n<!-- wp:woocommerce\/cart-express-payment-block -->\n<div class=\"wp-block-woocommerce-cart-express-payment-block\"><\/div>\n<!-- \/wp:woocommerce\/cart-express-payment-block -->\n\n<!-- wp:woocommerce\/proceed-to-checkout-block -->\n<div class=\"wp-block-woocommerce-proceed-to-checkout-block\"><\/div>\n<!-- \/wp:woocommerce\/proceed-to-checkout-block -->\n\n<!-- wp:woocommerce\/cart-accepted-payment-methods-block -->\n<div class=\"wp-block-woocommerce-cart-accepted-payment-methods-block\"><\/div>\n<!-- \/wp:woocommerce\/cart-accepted-payment-methods-block --><\/div>\n<!-- \/wp:woocommerce\/cart-totals-block --><\/div>\n<!-- \/wp:woocommerce\/filled-cart-block -->\n\n<!-- wp:woocommerce\/empty-cart-block -->\n<div class=\"wp-block-woocommerce-empty-cart-block\"><!-- wp:heading {\"textAlign\":\"center\",\"className\":\"with-empty-cart-icon wc-block-cart__empty-cart__title\"} -->\n<h2 class=\"wp-block-heading has-text-align-center with-empty-cart-icon wc-block-cart__empty-cart__title\">\u00a1Tu carrito est\u00e1 actualmente vac\u00edo!<\/h2>\n<!-- \/wp:heading -->\n\n<!-- wp:separator {\"className\":\"is-style-dots\"} -->\n<hr class=\"wp-block-separator has-alpha-channel-opacity is-style-dots\"\/>\n<!-- \/wp:separator -->\n\n<!-- wp:heading {\"textAlign\":\"center\"} -->\n<h2 class=\"wp-block-heading has-text-align-center\">Nuevo en la tienda<\/h2>\n<!-- \/wp:heading -->\n\n<!-- wp:woocommerce\/product-new {\"columns\":4,\"rows\":1} \/--><\/div>\n<!-- \/wp:woocommerce\/empty-cart-block --><\/div>\n<!-- \/wp:woocommerce\/cart -->","_et_gb_content_width":"","content-type":"","footnotes":""},"class_list":["post-6","page","type-page","status-publish","hentry"],"acf":[],"_links":{"self":[{"href":"https:\/\/arkanta.co\/co\/wp-json\/wp\/v2\/pages\/6","targetHints":{"allow":["GET"]}}],"collection":[{"href":"https:\/\/arkanta.co\/co\/wp-json\/wp\/v2\/pages"}],"about":[{"href":"https:\/\/arkanta.co\/co\/wp-json\/wp\/v2\/types\/page"}],"author":[{"embeddable":true,"href":"https:\/\/arkanta.co\/co\/wp-json\/wp\/v2\/users\/1"}],"replies":[{"embeddable":true,"href":"https:\/\/arkanta.co\/co\/wp-json\/wp\/v2\/comments?post=6"}],"version-history":[{"count":1,"href":"https:\/\/arkanta.co\/co\/wp-json\/wp\/v2\/pages\/6\/revisions"}],"predecessor-version":[{"id":3179,"href":"https:\/\/arkanta.co\/co\/wp-json\/wp\/v2\/pages\/6\/revisions\/3179"}],"wp:attachment":[{"href":"https:\/\/arkanta.co\/co\/wp-json\/wp\/v2\/media?parent=6"}],"curies":[{"name":"wp","href":"https:\/\/api.w.org\/{rel}","templated":true}]}}